{"id":64,"date":"2024-06-18T17:00:52","date_gmt":"2024-06-18T15:00:52","guid":{"rendered":"https:\/\/maudegeorges.fr\/?page_id=64"},"modified":"2024-09-16T10:32:18","modified_gmt":"2024-09-16T08:32:18","slug":"contact","status":"publish","type":"page","link":"https:\/\/maudegeorges.fr\/index.php\/contact\/","title":{"rendered":"Contact"},"content":{"rendered":"\n<div id=\"wp-block-themeisle-blocks-advanced-columns-40db0924\" class=\"wp-block-themeisle-blocks-advanced-columns alignfull has-2-columns has-desktop-equal-layout has-tablet-equal-layout has-mobile-collapsedRows-layout has-vertical-top ticss-c00aadba\"><div class=\"wp-block-themeisle-blocks-advanced-columns-overlay\"><\/div><div class=\"innerblocks-wrap\">\n<div id=\"wp-block-themeisle-blocks-advanced-column-006aede9\" class=\"wp-block-themeisle-blocks-advanced-column\">\n<div id=\"wp-block-themeisle-blocks-font-awesome-icons-2b7e7997\" class=\"wp-block-themeisle-blocks-font-awesome-icons\"><span class=\"wp-block-themeisle-blocks-font-awesome-icons-container\"><svg xmlns=\"http:\/\/www.w3.org\/2000\/svg\" viewBox=\"0 0 1800 1800\"><path d=\"M531.087,344.727c0.247,0,0.492,0.033,0.739,0.033h453.558c16.819,0,30.444-13.625,30.444-30.436 c0-16.815-13.625-30.435-30.444-30.435H638.226H531.826c-16.811,0-30.44,13.62-30.44,30.435 C501.386,330.885,514.624,344.331,531.087,344.727z\"><\/path><path d=\"M531.826,497.389h749.422c16.814,0,30.443-13.629,30.443-30.439c0-16.814-13.629-30.439-30.443-30.439 H531.826c-16.811,0-30.44,13.625-30.44,30.439C501.386,483.76,515.016,497.389,531.826,497.389z\"><\/path><path d=\"M531.826,650.009h749.422c16.814,0,30.443-13.633,30.443-30.444c0-8.872-3.822-16.827-9.877-22.389 c-5.424-4.982-12.625-8.046-20.566-8.046H531.826c-7.938,0-15.143,3.064-20.567,8.046c-6.054,5.562-9.873,13.517-9.873,22.389 C501.386,636.376,515.016,650.009,531.826,650.009z\"><\/path><path d=\"M1311.691,772.194c0-16.806-13.629-30.436-30.443-30.436H531.826c-16.811,0-30.44,13.629-30.44,30.436 c0,16.815,13.629,30.444,30.44,30.444h749.422C1298.063,802.638,1311.691,789.009,1311.691,772.194z\"><\/path><path d=\"M1772.088,533.511c-2.481-3.422-5.691-6.4-9.603-8.622l-246.454-139.961v-82.389v-9.853 c-1.264-7.738-5.432-14.501-11.406-19.066l-49.465-42.835l-131.073-113.508l-61.889-53.596c-5.286-4.582-11.866-7.021-18.591-7.275 h-2.197H937.55h-66.904H383.746c-47.809,0-86.705,38.895-86.705,86.696V382.15L61.554,515.893 c-31.678,11.565-54.396,41.913-54.396,77.54v1067.543c0,45.554,37.064,82.618,82.622,82.618h1625.598 c45.558,0,82.623-37.064,82.623-82.618V593.433C1798,569.839,1788.002,548.583,1772.088,533.511z M1614.426,510.814l92.579,52.583 l-11.661,8.301l-179.313,127.664V571.698v-60.883v-55.873L1614.426,510.814z M1405.5,267.454h-132.895V152.361L1405.5,267.454z M357.922,571.698v-60.883v-93.226v-70.01V143.102c0-14.239,11.585-25.825,25.824-25.825h379.699H886.73h34.734h123.285h167.617 v180.296c0,16.631,13.483,30.11,30.119,30.11h212.674v22.668v70.015v90.448v60.883V742.7l-397.298,282.87l-50.781,36.148 l-18.591,13.241l-81.088,57.728l-81.093-57.728l-18.611-13.25l-50.782-36.155L357.922,741.483V571.698z M193.76,510.814 l103.281-58.649v58.649v60.883V698.14L119.448,571.698l-14.597-10.395L193.76,510.814z M68.036,1648.984V609.822l229.005,163.047 l60.88,43.344L710.7,1067.38l-8.372,7.58l-67.267,60.871L68.036,1648.984z M121.495,1682.723l604.294-546.892l35.693-32.304 l45.37,32.304l82.897,59.028c5.283,3.76,11.462,5.637,17.653,5.637c6.187,0,12.369-1.877,17.652-5.637l82.889-59.028l45.354-32.286 l35.686,32.286l604.311,546.892H121.495z M1737.119,1640.271l-557.41-504.439l-67.267-60.871l-8.359-7.563l351.077-249.962 l60.871-43.348l221.088-157.407V1640.271z\"><\/path><\/svg><\/span><\/div>\n\n\n\n<h2 id=\"wp-block-themeisle-blocks-advanced-heading-8e35b90f\" class=\"wp-block-themeisle-blocks-advanced-heading wp-block-themeisle-blocks-advanced-heading-8e35b90f\">A vos plumes !<\/h2>\n\n\n\n<p>Si vous souhaitez <strong>contacter Maude Georges<\/strong>, vous pouvez lui laisser un message gr\u00e2ce au formulaire ci-contre.<\/p>\n\n\n\n<figure class=\"wp-block-image size-large\"><img loading=\"lazy\" decoding=\"async\" width=\"1024\" height=\"243\" src=\"http:\/\/maudegeorges.fr\/wp-content\/uploads\/2024\/06\/flight-path-on-transparent-d-1-1024x243.png\" alt=\"\" class=\"wp-image-69\" srcset=\"https:\/\/maudegeorges.fr\/wp-content\/uploads\/2024\/06\/flight-path-on-transparent-d-1-1024x243.png 1024w, https:\/\/maudegeorges.fr\/wp-content\/uploads\/2024\/06\/flight-path-on-transparent-d-1-300x71.png 300w, https:\/\/maudegeorges.fr\/wp-content\/uploads\/2024\/06\/flight-path-on-transparent-d-1-768x182.png 768w, https:\/\/maudegeorges.fr\/wp-content\/uploads\/2024\/06\/flight-path-on-transparent-d-1-1536x364.png 1536w, https:\/\/maudegeorges.fr\/wp-content\/uploads\/2024\/06\/flight-path-on-transparent-d-1.png 2000w\" sizes=\"auto, (max-width: 1024px) 100vw, 1024px\" \/><\/figure>\n\n\n\n<h2 id=\"wp-block-themeisle-blocks-advanced-heading-872ed3de\" class=\"wp-block-themeisle-blocks-advanced-heading wp-block-themeisle-blocks-advanced-heading-872ed3de\">Des nouvelles sans pigeon voyageur&#8230;<\/h2>\n\n\n\n<p>Si vous souhaitez <strong>vous inscrire \u00e0 sa newsletter<\/strong> pour conna\u00eetre les dates de ses prochains projets et spectacles, cliquez sur le bouton ci-dessous et laissez vous guider !<\/p>\n\n\n\n<div class=\"wp-block-buttons is-layout-flex wp-block-buttons-is-layout-flex\">\n<div class=\"wp-block-button\"><a class=\"wp-block-button__link has-text-color has-link-color wp-element-button\" href=\"http:\/\/eepurl.com\/iY3fr-\/\" style=\"color:#f6f6f6\" target=\"_blank\" rel=\"noreferrer noopener\">S&rsquo;inscrire \u00e0 la newsletter<\/a><\/div>\n<\/div>\n\n\n\n<div style=\"height:20px\" aria-hidden=\"true\" class=\"wp-block-spacer\"><\/div>\n<\/div>\n\n\n\n<div id=\"wp-block-themeisle-blocks-advanced-column-e2074b1c\" class=\"wp-block-themeisle-blocks-advanced-column\">\n<div id=\"wp-block-themeisle-blocks-form-87901f4d\" class=\"wp-block-themeisle-blocks-form\" data-option-name=\"bf9b28ff82ce323187abc5d0feb0d8f07ecd8436_87901f4d\"><form class=\"otter-form__container\">\n<div id=\"wp-block-themeisle-blocks-form-input-c9d2aa8d\" class=\"wp-block-themeisle-blocks-form-input\"><label for=\"wp-block-themeisle-blocks-form-input-c9d2aa8d-input\" class=\"otter-form-input-label\"><span class=\"otter-form-input-label__label\">Nom<\/span><span class=\"required\">*<\/span><\/label><input type=\"text\" id=\"wp-block-themeisle-blocks-form-input-c9d2aa8d-input\" required class=\"otter-form-input\"\/><\/div>\n\n\n\n<div id=\"wp-block-themeisle-blocks-form-input-52b75c15\" class=\"wp-block-themeisle-blocks-form-input\"><label for=\"wp-block-themeisle-blocks-form-input-52b75c15-input\" class=\"otter-form-input-label\"><span class=\"otter-form-input-label__label\">Email<\/span><span class=\"required\">*<\/span><\/label><input type=\"email\" id=\"wp-block-themeisle-blocks-form-input-52b75c15-input\" required class=\"otter-form-input\"\/><\/div>\n\n\n\n<div id=\"wp-block-themeisle-blocks-form-textarea-025e8e56\" class=\"wp-block-themeisle-blocks-form-textarea\"><label for=\"wp-block-themeisle-blocks-form-textarea-025e8e56-input\" class=\"otter-form-textarea-label\"><span class=\"otter-form-textarea-label__label\"><mark style=\"background-color:rgba(0, 0, 0, 0);color:#ffffff\" class=\"has-inline-color\">Message<\/mark><\/span><\/label><textarea id=\"wp-block-themeisle-blocks-form-textarea-025e8e56-input\" rows=\"10\" class=\"otter-form-textarea-input\"><\/textarea><\/div>\n\n\n\n<p class=\"has-extra-small-font-size\"><em>Vos coordonn\u00e9es ne seront utilis\u00e9es que dans le but de vous r\u00e9pondre.<\/em><\/p>\n\n\n<div class=\"protection\" aria-hidden=\"true\"><input type=\"hidden\" id=\"wp-block-themeisle-blocks-form-87901f4d_nonce_field\" name=\"wp-block-themeisle-blocks-form-87901f4d_nonce_field\" value=\"94568652cb\" \/><input type=\"hidden\" name=\"_wp_http_referer\" value=\"\/index.php\/wp-json\/wp\/v2\/pages\/64\" \/><input class=\"o-anti-bot\" type=\"checkbox\"><\/div><div class=\"wp-block-button\"><button class=\"wp-block-button__link\" type=\"submit\">Envoyer<\/button><\/div><\/form><\/div>\n<\/div>\n<\/div><\/div>\n","protected":false},"excerpt":{"rendered":"","protected":false},"author":1,"featured_media":0,"parent":0,"menu_order":0,"comment_status":"closed","ping_status":"closed","template":"","meta":{"_EventAllDay":false,"_EventTimezone":"","_EventStartDate":"","_EventEndDate":"","_EventStartDateUTC":"","_EventEndDateUTC":"","_EventShowMap":false,"_EventShowMapLink":false,"_EventURL":"","_EventCost":"","_EventCostDescription":"","_EventCurrencySymbol":"","_EventCurrencyCode":"","_EventCurrencyPosition":"","_EventDateTimeSeparator":"","_EventTimeRangeSeparator":"","_EventOrganizerID":[],"_EventVenueID":[],"_OrganizerEmail":"","_OrganizerPhone":"","_OrganizerWebsite":"","_VenueAddress":"","_VenueCity":"","_VenueCountry":"","_VenueProvince":"","_VenueState":"","_VenueZip":"","_VenuePhone":"","_VenueURL":"","_VenueStateProvince":"","_VenueLat":"","_VenueLng":"","_VenueShowMap":false,"_VenueShowMapLink":false,"_themeisle_gutenberg_block_has_review":false,"footnotes":""},"class_list":["post-64","page","type-page","status-publish","hentry"],"yoast_head":"<!-- This site is optimized with the Yoast SEO plugin v22.8 - https:\/\/yoast.com\/wordpress\/plugins\/seo\/ -->\n<title>Contact -<\/title>\n<meta name=\"robots\" content=\"index, follow, max-snippet:-1, max-image-preview:large, max-video-preview:-1\" \/>\n<link rel=\"canonical\" href=\"https:\/\/maudegeorges.fr\/index.php\/contact\/\" \/>\n<meta property=\"og:locale\" content=\"fr_FR\" \/>\n<meta property=\"og:type\" content=\"article\" \/>\n<meta property=\"og:title\" content=\"Contact -\" \/>\n<meta property=\"og:url\" content=\"https:\/\/maudegeorges.fr\/index.php\/contact\/\" \/>\n<meta property=\"article:modified_time\" content=\"2024-09-16T08:32:18+00:00\" \/>\n<meta property=\"og:image\" content=\"http:\/\/maudegeorges.fr\/wp-content\/uploads\/2024\/06\/flight-path-on-transparent-d-1-1024x243.png\" \/>\n<meta name=\"twitter:card\" content=\"summary_large_image\" \/>\n<meta name=\"twitter:label1\" content=\"Dur\u00e9e de lecture estim\u00e9e\" \/>\n\t<meta name=\"twitter:data1\" content=\"1 minute\" \/>\n<script type=\"application\/ld+json\" class=\"yoast-schema-graph\">{\"@context\":\"https:\/\/schema.org\",\"@graph\":[{\"@type\":\"WebPage\",\"@id\":\"https:\/\/maudegeorges.fr\/index.php\/contact\/\",\"url\":\"https:\/\/maudegeorges.fr\/index.php\/contact\/\",\"name\":\"Contact -\",\"isPartOf\":{\"@id\":\"https:\/\/maudegeorges.fr\/#website\"},\"primaryImageOfPage\":{\"@id\":\"https:\/\/maudegeorges.fr\/index.php\/contact\/#primaryimage\"},\"image\":{\"@id\":\"https:\/\/maudegeorges.fr\/index.php\/contact\/#primaryimage\"},\"thumbnailUrl\":\"http:\/\/maudegeorges.fr\/wp-content\/uploads\/2024\/06\/flight-path-on-transparent-d-1-1024x243.png\",\"datePublished\":\"2024-06-18T15:00:52+00:00\",\"dateModified\":\"2024-09-16T08:32:18+00:00\",\"breadcrumb\":{\"@id\":\"https:\/\/maudegeorges.fr\/index.php\/contact\/#breadcrumb\"},\"inLanguage\":\"fr-FR\",\"potentialAction\":[{\"@type\":\"ReadAction\",\"target\":[\"https:\/\/maudegeorges.fr\/index.php\/contact\/\"]}]},{\"@type\":\"ImageObject\",\"inLanguage\":\"fr-FR\",\"@id\":\"https:\/\/maudegeorges.fr\/index.php\/contact\/#primaryimage\",\"url\":\"https:\/\/maudegeorges.fr\/wp-content\/uploads\/2024\/06\/flight-path-on-transparent-d-1.png\",\"contentUrl\":\"https:\/\/maudegeorges.fr\/wp-content\/uploads\/2024\/06\/flight-path-on-transparent-d-1.png\",\"width\":2000,\"height\":474},{\"@type\":\"BreadcrumbList\",\"@id\":\"https:\/\/maudegeorges.fr\/index.php\/contact\/#breadcrumb\",\"itemListElement\":[{\"@type\":\"ListItem\",\"position\":1,\"name\":\"Accueil\",\"item\":\"https:\/\/maudegeorges.fr\/\"},{\"@type\":\"ListItem\",\"position\":2,\"name\":\"Contact\"}]},{\"@type\":\"WebSite\",\"@id\":\"https:\/\/maudegeorges.fr\/#website\",\"url\":\"https:\/\/maudegeorges.fr\/\",\"name\":\"maudegeorges.fr\",\"description\":\"Une artiste qui donne de la voix !\",\"publisher\":{\"@id\":\"https:\/\/maudegeorges.fr\/#\/schema\/person\/9e7b4955b8e8ef46805ec209582402bc\"},\"potentialAction\":[{\"@type\":\"SearchAction\",\"target\":{\"@type\":\"EntryPoint\",\"urlTemplate\":\"https:\/\/maudegeorges.fr\/?s={search_term_string}\"},\"query-input\":\"required name=search_term_string\"}],\"inLanguage\":\"fr-FR\"},{\"@type\":[\"Person\",\"Organization\"],\"@id\":\"https:\/\/maudegeorges.fr\/#\/schema\/person\/9e7b4955b8e8ef46805ec209582402bc\",\"name\":\"admin1903\",\"image\":{\"@type\":\"ImageObject\",\"inLanguage\":\"fr-FR\",\"@id\":\"https:\/\/maudegeorges.fr\/#\/schema\/person\/image\/\",\"url\":\"http:\/\/maudegeorges.fr\/wp-content\/uploads\/2024\/06\/1.png\",\"contentUrl\":\"http:\/\/maudegeorges.fr\/wp-content\/uploads\/2024\/06\/1.png\",\"width\":500,\"height\":500,\"caption\":\"admin1903\"},\"logo\":{\"@id\":\"https:\/\/maudegeorges.fr\/#\/schema\/person\/image\/\"},\"sameAs\":[\"http:\/\/maudegeorges.fr\"]}]}<\/script>\n<!-- \/ Yoast SEO plugin. -->","yoast_head_json":{"title":"Contact -","robots":{"index":"index","follow":"follow","max-snippet":"max-snippet:-1","max-image-preview":"max-image-preview:large","max-video-preview":"max-video-preview:-1"},"canonical":"https:\/\/maudegeorges.fr\/index.php\/contact\/","og_locale":"fr_FR","og_type":"article","og_title":"Contact -","og_url":"https:\/\/maudegeorges.fr\/index.php\/contact\/","article_modified_time":"2024-09-16T08:32:18+00:00","og_image":[{"url":"http:\/\/maudegeorges.fr\/wp-content\/uploads\/2024\/06\/flight-path-on-transparent-d-1-1024x243.png"}],"twitter_card":"summary_large_image","twitter_misc":{"Dur\u00e9e de lecture estim\u00e9e":"1 minute"},"schema":{"@context":"https:\/\/schema.org","@graph":[{"@type":"WebPage","@id":"https:\/\/maudegeorges.fr\/index.php\/contact\/","url":"https:\/\/maudegeorges.fr\/index.php\/contact\/","name":"Contact -","isPartOf":{"@id":"https:\/\/maudegeorges.fr\/#website"},"primaryImageOfPage":{"@id":"https:\/\/maudegeorges.fr\/index.php\/contact\/#primaryimage"},"image":{"@id":"https:\/\/maudegeorges.fr\/index.php\/contact\/#primaryimage"},"thumbnailUrl":"http:\/\/maudegeorges.fr\/wp-content\/uploads\/2024\/06\/flight-path-on-transparent-d-1-1024x243.png","datePublished":"2024-06-18T15:00:52+00:00","dateModified":"2024-09-16T08:32:18+00:00","breadcrumb":{"@id":"https:\/\/maudegeorges.fr\/index.php\/contact\/#breadcrumb"},"inLanguage":"fr-FR","potentialAction":[{"@type":"ReadAction","target":["https:\/\/maudegeorges.fr\/index.php\/contact\/"]}]},{"@type":"ImageObject","inLanguage":"fr-FR","@id":"https:\/\/maudegeorges.fr\/index.php\/contact\/#primaryimage","url":"https:\/\/maudegeorges.fr\/wp-content\/uploads\/2024\/06\/flight-path-on-transparent-d-1.png","contentUrl":"https:\/\/maudegeorges.fr\/wp-content\/uploads\/2024\/06\/flight-path-on-transparent-d-1.png","width":2000,"height":474},{"@type":"BreadcrumbList","@id":"https:\/\/maudegeorges.fr\/index.php\/contact\/#breadcrumb","itemListElement":[{"@type":"ListItem","position":1,"name":"Accueil","item":"https:\/\/maudegeorges.fr\/"},{"@type":"ListItem","position":2,"name":"Contact"}]},{"@type":"WebSite","@id":"https:\/\/maudegeorges.fr\/#website","url":"https:\/\/maudegeorges.fr\/","name":"maudegeorges.fr","description":"Une artiste qui donne de la voix !","publisher":{"@id":"https:\/\/maudegeorges.fr\/#\/schema\/person\/9e7b4955b8e8ef46805ec209582402bc"},"potentialAction":[{"@type":"SearchAction","target":{"@type":"EntryPoint","urlTemplate":"https:\/\/maudegeorges.fr\/?s={search_term_string}"},"query-input":"required name=search_term_string"}],"inLanguage":"fr-FR"},{"@type":["Person","Organization"],"@id":"https:\/\/maudegeorges.fr\/#\/schema\/person\/9e7b4955b8e8ef46805ec209582402bc","name":"admin1903","image":{"@type":"ImageObject","inLanguage":"fr-FR","@id":"https:\/\/maudegeorges.fr\/#\/schema\/person\/image\/","url":"http:\/\/maudegeorges.fr\/wp-content\/uploads\/2024\/06\/1.png","contentUrl":"http:\/\/maudegeorges.fr\/wp-content\/uploads\/2024\/06\/1.png","width":500,"height":500,"caption":"admin1903"},"logo":{"@id":"https:\/\/maudegeorges.fr\/#\/schema\/person\/image\/"},"sameAs":["http:\/\/maudegeorges.fr"]}]}},"_links":{"self":[{"href":"https:\/\/maudegeorges.fr\/index.php\/wp-json\/wp\/v2\/pages\/64","targetHints":{"allow":["GET"]}}],"collection":[{"href":"https:\/\/maudegeorges.fr\/index.php\/wp-json\/wp\/v2\/pages"}],"about":[{"href":"https:\/\/maudegeorges.fr\/index.php\/wp-json\/wp\/v2\/types\/page"}],"author":[{"embeddable":true,"href":"https:\/\/maudegeorges.fr\/index.php\/wp-json\/wp\/v2\/users\/1"}],"replies":[{"embeddable":true,"href":"https:\/\/maudegeorges.fr\/index.php\/wp-json\/wp\/v2\/comments?post=64"}],"version-history":[{"count":26,"href":"https:\/\/maudegeorges.fr\/index.php\/wp-json\/wp\/v2\/pages\/64\/revisions"}],"predecessor-version":[{"id":282,"href":"https:\/\/maudegeorges.fr\/index.php\/wp-json\/wp\/v2\/pages\/64\/revisions\/282"}],"wp:attachment":[{"href":"https:\/\/maudegeorges.fr\/index.php\/wp-json\/wp\/v2\/media?parent=64"}],"curies":[{"name":"wp","href":"https:\/\/api.w.org\/{rel}","templated":true}]}}