{"id":369,"date":"2024-11-09T15:39:04","date_gmt":"2024-11-09T14:39:04","guid":{"rendered":"https:\/\/maudegeorges.fr\/?page_id=369"},"modified":"2025-09-16T15:37:16","modified_gmt":"2025-09-16T13:37:16","slug":"medias","status":"publish","type":"page","link":"https:\/\/maudegeorges.fr\/index.php\/medias\/","title":{"rendered":"M\u00e9dias"},"content":{"rendered":"\n<h2 class=\"wp-block-heading\">Le Ha\u2019choeur\u00a0: hymne \u00e0 la neurodiversit\u00e9<\/h2>\n\n\n\n<figure class=\"wp-block-embed is-type-wp-embed is-provider-popsciences-universite-lyon wp-block-embed-popsciences-universite-lyon\"><div class=\"wp-block-embed__wrapper\">\n<blockquote class=\"wp-embedded-content\" data-secret=\"So9z44ddoe\"><a href=\"https:\/\/popsciences.universite-lyon.fr\/le_mag\/le-hachoeur-hymne-a-la-neurodiversite\/\">Le Ha&rsquo;choeur&nbsp;: hymne \u00e0 la neurodiversit\u00e9<\/a><\/blockquote><iframe loading=\"lazy\" class=\"wp-embedded-content\" sandbox=\"allow-scripts\" security=\"restricted\" style=\"position: absolute; visibility: hidden;\" title=\"\u00ab\u00a0Le Ha&rsquo;choeur&nbsp;: hymne \u00e0 la neurodiversit\u00e9\u00a0\u00bb &#8212; popsciences.universite-lyon\" src=\"https:\/\/popsciences.universite-lyon.fr\/le_mag\/le-hachoeur-hymne-a-la-neurodiversite\/embed\/#?secret=48RdIYZYFH#?secret=So9z44ddoe\" data-secret=\"So9z44ddoe\" width=\"500\" height=\"282\" frameborder=\"0\" marginwidth=\"0\" marginheight=\"0\" scrolling=\"no\"><\/iframe>\n<\/div><\/figure>\n\n\n\n<h2 class=\"wp-block-heading\">A c\u0153ur joie<\/h2>\n\n\n\n<figure class=\"wp-block-image size-large\"><a href=\"https:\/\/www.arteradio.com\/son\/61686178\/choeur_joie\"><img loading=\"lazy\" decoding=\"async\" width=\"1024\" height=\"573\" src=\"https:\/\/maudegeorges.fr\/wp-content\/uploads\/2024\/11\/image-1024x573.png\" alt=\"\" class=\"wp-image-373\" srcset=\"https:\/\/maudegeorges.fr\/wp-content\/uploads\/2024\/11\/image-1024x573.png 1024w, https:\/\/maudegeorges.fr\/wp-content\/uploads\/2024\/11\/image-300x168.png 300w, https:\/\/maudegeorges.fr\/wp-content\/uploads\/2024\/11\/image-768x430.png 768w, https:\/\/maudegeorges.fr\/wp-content\/uploads\/2024\/11\/image.png 1440w\" sizes=\"auto, (max-width: 1024px) 100vw, 1024px\" \/><\/a><\/figure>\n\n\n\n<pre class=\"wp-block-code\"><code><a href=\"https:\/\/www.arteradio.com\/son\/61686178\/choeur_joie\">https:\/\/www.arteradio.com\/son\/61686178\/choeur_joie<\/a><\/code><\/pre>\n\n\n\n<p>Un podcast d&rsquo;Elise Andrieu avec Nicolas Petit, produit par Arte Radio, sur le Ha&rsquo;Choeur dirig\u00e9 par Maude.<\/p>\n","protected":false},"excerpt":{"rendered":"<p>Le Ha\u2019choeur\u00a0: hymne \u00e0 la neurodiversit\u00e9 A c\u0153ur joie Un podcast d&rsquo;Elise Andrieu avec Nicolas Petit, produit par Arte Radio, sur le Ha&rsquo;Choeur dirig\u00e9 par Maude.<\/p>\n","protected":false},"author":1,"featured_media":0,"parent":0,"menu_order":0,"comment_status":"closed","ping_status":"closed","template":"","meta":{"_EventAllDay":false,"_EventTimezone":"","_EventStartDate":"","_EventEndDate":"","_EventStartDateUTC":"","_EventEndDateUTC":"","_EventShowMap":false,"_EventShowMapLink":false,"_EventURL":"","_EventCost":"","_EventCostDescription":"","_EventCurrencySymbol":"","_EventCurrencyCode":"","_EventCurrencyPosition":"","_EventDateTimeSeparator":"","_EventTimeRangeSeparator":"","_EventOrganizerID":[],"_EventVenueID":[],"_OrganizerEmail":"","_OrganizerPhone":"","_OrganizerWebsite":"","_VenueAddress":"","_VenueCity":"","_VenueCountry":"","_VenueProvince":"","_VenueState":"","_VenueZip":"","_VenuePhone":"","_VenueURL":"","_VenueStateProvince":"","_VenueLat":"","_VenueLng":"","_VenueShowMap":false,"_VenueShowMapLink":false,"_themeisle_gutenberg_block_has_review":false,"footnotes":""},"class_list":["post-369","page","type-page","status-publish","hentry"],"yoast_head":"<!-- This site is optimized with the Yoast SEO plugin v22.8 - https:\/\/yoast.com\/wordpress\/plugins\/seo\/ -->\n<title>M\u00e9dias -<\/title>\n<meta name=\"robots\" content=\"index, follow, max-snippet:-1, max-image-preview:large, max-video-preview:-1\" \/>\n<link rel=\"canonical\" href=\"https:\/\/maudegeorges.fr\/index.php\/medias\/\" \/>\n<meta property=\"og:locale\" content=\"fr_FR\" \/>\n<meta property=\"og:type\" content=\"article\" \/>\n<meta property=\"og:title\" content=\"M\u00e9dias -\" \/>\n<meta property=\"og:description\" content=\"Le Ha\u2019choeur\u00a0: hymne \u00e0 la neurodiversit\u00e9 A c\u0153ur joie Un podcast d&rsquo;Elise Andrieu avec Nicolas Petit, produit par Arte Radio, sur le Ha&rsquo;Choeur dirig\u00e9 par Maude.\" \/>\n<meta property=\"og:url\" content=\"https:\/\/maudegeorges.fr\/index.php\/medias\/\" \/>\n<meta property=\"article:modified_time\" content=\"2025-09-16T13:37:16+00:00\" \/>\n<meta property=\"og:image\" content=\"https:\/\/maudegeorges.fr\/wp-content\/uploads\/2024\/11\/image-1024x573.png\" \/>\n<meta name=\"twitter:card\" content=\"summary_large_image\" \/>\n<meta name=\"twitter:label1\" content=\"Dur\u00e9e de lecture estim\u00e9e\" \/>\n\t<meta name=\"twitter:data1\" content=\"1 minute\" \/>\n<script type=\"application\/ld+json\" class=\"yoast-schema-graph\">{\"@context\":\"https:\/\/schema.org\",\"@graph\":[{\"@type\":\"WebPage\",\"@id\":\"https:\/\/maudegeorges.fr\/index.php\/medias\/\",\"url\":\"https:\/\/maudegeorges.fr\/index.php\/medias\/\",\"name\":\"M\u00e9dias -\",\"isPartOf\":{\"@id\":\"https:\/\/maudegeorges.fr\/#website\"},\"primaryImageOfPage\":{\"@id\":\"https:\/\/maudegeorges.fr\/index.php\/medias\/#primaryimage\"},\"image\":{\"@id\":\"https:\/\/maudegeorges.fr\/index.php\/medias\/#primaryimage\"},\"thumbnailUrl\":\"https:\/\/maudegeorges.fr\/wp-content\/uploads\/2024\/11\/image-1024x573.png\",\"datePublished\":\"2024-11-09T14:39:04+00:00\",\"dateModified\":\"2025-09-16T13:37:16+00:00\",\"breadcrumb\":{\"@id\":\"https:\/\/maudegeorges.fr\/index.php\/medias\/#breadcrumb\"},\"inLanguage\":\"fr-FR\",\"potentialAction\":[{\"@type\":\"ReadAction\",\"target\":[\"https:\/\/maudegeorges.fr\/index.php\/medias\/\"]}]},{\"@type\":\"ImageObject\",\"inLanguage\":\"fr-FR\",\"@id\":\"https:\/\/maudegeorges.fr\/index.php\/medias\/#primaryimage\",\"url\":\"https:\/\/maudegeorges.fr\/wp-content\/uploads\/2024\/11\/image.png\",\"contentUrl\":\"https:\/\/maudegeorges.fr\/wp-content\/uploads\/2024\/11\/image.png\",\"width\":1440,\"height\":806},{\"@type\":\"BreadcrumbList\",\"@id\":\"https:\/\/maudegeorges.fr\/index.php\/medias\/#breadcrumb\",\"itemListElement\":[{\"@type\":\"ListItem\",\"position\":1,\"name\":\"Accueil\",\"item\":\"https:\/\/maudegeorges.fr\/\"},{\"@type\":\"ListItem\",\"position\":2,\"name\":\"M\u00e9dias\"}]},{\"@type\":\"WebSite\",\"@id\":\"https:\/\/maudegeorges.fr\/#website\",\"url\":\"https:\/\/maudegeorges.fr\/\",\"name\":\"maudegeorges.fr\",\"description\":\"Une artiste qui donne de la voix !\",\"publisher\":{\"@id\":\"https:\/\/maudegeorges.fr\/#\/schema\/person\/9e7b4955b8e8ef46805ec209582402bc\"},\"potentialAction\":[{\"@type\":\"SearchAction\",\"target\":{\"@type\":\"EntryPoint\",\"urlTemplate\":\"https:\/\/maudegeorges.fr\/?s={search_term_string}\"},\"query-input\":\"required name=search_term_string\"}],\"inLanguage\":\"fr-FR\"},{\"@type\":[\"Person\",\"Organization\"],\"@id\":\"https:\/\/maudegeorges.fr\/#\/schema\/person\/9e7b4955b8e8ef46805ec209582402bc\",\"name\":\"admin1903\",\"image\":{\"@type\":\"ImageObject\",\"inLanguage\":\"fr-FR\",\"@id\":\"https:\/\/maudegeorges.fr\/#\/schema\/person\/image\/\",\"url\":\"http:\/\/maudegeorges.fr\/wp-content\/uploads\/2024\/06\/1.png\",\"contentUrl\":\"http:\/\/maudegeorges.fr\/wp-content\/uploads\/2024\/06\/1.png\",\"width\":500,\"height\":500,\"caption\":\"admin1903\"},\"logo\":{\"@id\":\"https:\/\/maudegeorges.fr\/#\/schema\/person\/image\/\"},\"sameAs\":[\"http:\/\/maudegeorges.fr\"]}]}<\/script>\n<!-- \/ Yoast SEO plugin. -->","yoast_head_json":{"title":"M\u00e9dias -","robots":{"index":"index","follow":"follow","max-snippet":"max-snippet:-1","max-image-preview":"max-image-preview:large","max-video-preview":"max-video-preview:-1"},"canonical":"https:\/\/maudegeorges.fr\/index.php\/medias\/","og_locale":"fr_FR","og_type":"article","og_title":"M\u00e9dias -","og_description":"Le Ha\u2019choeur\u00a0: hymne \u00e0 la neurodiversit\u00e9 A c\u0153ur joie Un podcast d&rsquo;Elise Andrieu avec Nicolas Petit, produit par Arte Radio, sur le Ha&rsquo;Choeur dirig\u00e9 par Maude.","og_url":"https:\/\/maudegeorges.fr\/index.php\/medias\/","article_modified_time":"2025-09-16T13:37:16+00:00","og_image":[{"url":"https:\/\/maudegeorges.fr\/wp-content\/uploads\/2024\/11\/image-1024x573.png"}],"twitter_card":"summary_large_image","twitter_misc":{"Dur\u00e9e de lecture estim\u00e9e":"1 minute"},"schema":{"@context":"https:\/\/schema.org","@graph":[{"@type":"WebPage","@id":"https:\/\/maudegeorges.fr\/index.php\/medias\/","url":"https:\/\/maudegeorges.fr\/index.php\/medias\/","name":"M\u00e9dias -","isPartOf":{"@id":"https:\/\/maudegeorges.fr\/#website"},"primaryImageOfPage":{"@id":"https:\/\/maudegeorges.fr\/index.php\/medias\/#primaryimage"},"image":{"@id":"https:\/\/maudegeorges.fr\/index.php\/medias\/#primaryimage"},"thumbnailUrl":"https:\/\/maudegeorges.fr\/wp-content\/uploads\/2024\/11\/image-1024x573.png","datePublished":"2024-11-09T14:39:04+00:00","dateModified":"2025-09-16T13:37:16+00:00","breadcrumb":{"@id":"https:\/\/maudegeorges.fr\/index.php\/medias\/#breadcrumb"},"inLanguage":"fr-FR","potentialAction":[{"@type":"ReadAction","target":["https:\/\/maudegeorges.fr\/index.php\/medias\/"]}]},{"@type":"ImageObject","inLanguage":"fr-FR","@id":"https:\/\/maudegeorges.fr\/index.php\/medias\/#primaryimage","url":"https:\/\/maudegeorges.fr\/wp-content\/uploads\/2024\/11\/image.png","contentUrl":"https:\/\/maudegeorges.fr\/wp-content\/uploads\/2024\/11\/image.png","width":1440,"height":806},{"@type":"BreadcrumbList","@id":"https:\/\/maudegeorges.fr\/index.php\/medias\/#breadcrumb","itemListElement":[{"@type":"ListItem","position":1,"name":"Accueil","item":"https:\/\/maudegeorges.fr\/"},{"@type":"ListItem","position":2,"name":"M\u00e9dias"}]},{"@type":"WebSite","@id":"https:\/\/maudegeorges.fr\/#website","url":"https:\/\/maudegeorges.fr\/","name":"maudegeorges.fr","description":"Une artiste qui donne de la voix !","publisher":{"@id":"https:\/\/maudegeorges.fr\/#\/schema\/person\/9e7b4955b8e8ef46805ec209582402bc"},"potentialAction":[{"@type":"SearchAction","target":{"@type":"EntryPoint","urlTemplate":"https:\/\/maudegeorges.fr\/?s={search_term_string}"},"query-input":"required name=search_term_string"}],"inLanguage":"fr-FR"},{"@type":["Person","Organization"],"@id":"https:\/\/maudegeorges.fr\/#\/schema\/person\/9e7b4955b8e8ef46805ec209582402bc","name":"admin1903","image":{"@type":"ImageObject","inLanguage":"fr-FR","@id":"https:\/\/maudegeorges.fr\/#\/schema\/person\/image\/","url":"http:\/\/maudegeorges.fr\/wp-content\/uploads\/2024\/06\/1.png","contentUrl":"http:\/\/maudegeorges.fr\/wp-content\/uploads\/2024\/06\/1.png","width":500,"height":500,"caption":"admin1903"},"logo":{"@id":"https:\/\/maudegeorges.fr\/#\/schema\/person\/image\/"},"sameAs":["http:\/\/maudegeorges.fr"]}]}},"_links":{"self":[{"href":"https:\/\/maudegeorges.fr\/index.php\/wp-json\/wp\/v2\/pages\/369","targetHints":{"allow":["GET"]}}],"collection":[{"href":"https:\/\/maudegeorges.fr\/index.php\/wp-json\/wp\/v2\/pages"}],"about":[{"href":"https:\/\/maudegeorges.fr\/index.php\/wp-json\/wp\/v2\/types\/page"}],"author":[{"embeddable":true,"href":"https:\/\/maudegeorges.fr\/index.php\/wp-json\/wp\/v2\/users\/1"}],"replies":[{"embeddable":true,"href":"https:\/\/maudegeorges.fr\/index.php\/wp-json\/wp\/v2\/comments?post=369"}],"version-history":[{"count":4,"href":"https:\/\/maudegeorges.fr\/index.php\/wp-json\/wp\/v2\/pages\/369\/revisions"}],"predecessor-version":[{"id":444,"href":"https:\/\/maudegeorges.fr\/index.php\/wp-json\/wp\/v2\/pages\/369\/revisions\/444"}],"wp:attachment":[{"href":"https:\/\/maudegeorges.fr\/index.php\/wp-json\/wp\/v2\/media?parent=369"}],"curies":[{"name":"wp","href":"https:\/\/api.w.org\/{rel}","templated":true}]}}