{"id":241,"date":"2024-08-06T11:22:55","date_gmt":"2024-08-06T09:22:55","guid":{"rendered":"https:\/\/maudegeorges.fr\/?page_id=241"},"modified":"2025-04-10T10:03:16","modified_gmt":"2025-04-10T08:03:16","slug":"eloge-de-la-biere","status":"publish","type":"page","link":"https:\/\/maudegeorges.fr\/index.php\/eloge-de-la-biere\/","title":{"rendered":"Eloge de la Bi\u00e8re"},"content":{"rendered":"\n<h4 id=\"wp-block-themeisle-blocks-advanced-heading-46828976\" class=\"wp-block-themeisle-blocks-advanced-heading wp-block-themeisle-blocks-advanced-heading-46828976 has-light-bg\"><strong>Qu&rsquo;est-ce qu&rsquo;Eloge de la Bi\u00e8re ?<\/strong><\/h4>\n\n\n\n<p><strong>Eloge de la Bi\u00e8re<\/strong> est un banquet litt\u00e9raire, musical et gourmet harmonieusement compos\u00e9 pour le plus grand r\u00e9gal de l&rsquo;imagination \u2013 et de nos palais&nbsp;! <\/p>\n\n\n\n<p>Tir\u00e9 de l&rsquo;op\u00e9ra \u00ab\u00a0Les Contes d&rsquo;un Buveur de Bi\u00e8re\u00a0\u00bb, ce <strong>spectacle d\u00e9gustation<\/strong> de la <a href=\"https:\/\/www.dychka.fr\/\" target=\"_blank\" rel=\"noreferrer noopener\">compagnie Dyckha<\/a> allie \u00e9rudition, humour, po\u00e9sie, musique&#8230; et bien plus encore !<\/p>\n\n\n\n<figure class=\"wp-block-image size-full\"><img loading=\"lazy\" decoding=\"async\" width=\"675\" height=\"675\" src=\"https:\/\/maudegeorges.fr\/wp-content\/uploads\/2024\/08\/Avignon-juillet-2024.png\" alt=\"\" class=\"wp-image-264\" srcset=\"https:\/\/maudegeorges.fr\/wp-content\/uploads\/2024\/08\/Avignon-juillet-2024.png 675w, https:\/\/maudegeorges.fr\/wp-content\/uploads\/2024\/08\/Avignon-juillet-2024-300x300.png 300w, https:\/\/maudegeorges.fr\/wp-content\/uploads\/2024\/08\/Avignon-juillet-2024-150x150.png 150w\" sizes=\"auto, (max-width: 675px) 100vw, 675px\" \/><\/figure>\n\n\n\n<p>Spectacle sans nul pareil, <strong>Eloge de la Bi\u00e8re<\/strong> est une conf\u00e9rence th\u00e9\u00e2tralis\u00e9e et chant\u00e9e destin\u00e9e \u00e0 vous faire rire, vous \u00e9mouvoir et vous en apprendre plus sur l&rsquo;origine et la pr\u00e9paration du pr\u00e9cieux nectar&nbsp;: de quoi vous faire mousser pour votre prochaine soir\u00e9e&nbsp;!<\/p>\n\n\n\n<div class=\"wp-block-columns is-layout-flex wp-container-core-columns-is-layout-28f84493 wp-block-columns-is-layout-flex\">\n<div class=\"wp-block-column is-layout-flow wp-block-column-is-layout-flow\">\n<figure class=\"wp-block-embed is-type-video is-provider-youtube wp-block-embed-youtube wp-embed-aspect-16-9 wp-has-aspect-ratio\"><div class=\"wp-block-embed__wrapper\">\n<iframe loading=\"lazy\" title=\"Eloge de la Bi\u00e8re - Dychka &amp; Cie - th\u00e9orie et pratique !\" width=\"500\" height=\"281\" src=\"https:\/\/www.youtube.com\/embed\/QzFFe9wHyAg?feature=oembed\" frameborder=\"0\" allow=\"accelerometer; autoplay; clipboard-write; encrypted-media; gyroscope; picture-in-picture; web-share\" referrerpolicy=\"strict-origin-when-cross-origin\" allowfullscreen><\/iframe>\n<\/div><figcaption class=\"wp-element-caption\"><em>Un spectacle aux multiples saveurs \u00e0 d\u00e9guster sans aucune mod\u00e9ration&nbsp;! <\/em><\/figcaption><\/figure>\n<\/div>\n\n\n\n<div class=\"wp-block-column is-layout-flow wp-block-column-is-layout-flow\">\n<figure class=\"wp-block-embed is-type-video is-provider-youtube wp-block-embed-youtube wp-embed-aspect-16-9 wp-has-aspect-ratio\"><div class=\"wp-block-embed__wrapper\">\n<iframe loading=\"lazy\" title=\"Eloge de la Bi\u00e8re - Dychka &amp; Cie - un spectacle \u00e9rudit !\" width=\"500\" height=\"281\" src=\"https:\/\/www.youtube.com\/embed\/ftBPKugiIzg?feature=oembed\" frameborder=\"0\" allow=\"accelerometer; autoplay; clipboard-write; encrypted-media; gyroscope; picture-in-picture; web-share\" referrerpolicy=\"strict-origin-when-cross-origin\" allowfullscreen><\/iframe>\n<\/div><figcaption class=\"wp-element-caption\"><em>Au menu : proc\u00e9d\u00e9s de fabrication, d\u00e9couverte des personnages mythiques des contes et l\u00e9gendes septentrionales, recettes et dictons ancestraux\u2026<\/em> <\/figcaption><\/figure>\n<\/div>\n<\/div>\n\n\n\n<p class=\"has-text-align-center has-white-color has-text-color has-link-color wp-elements-13ccf5b4b6c29c9d17d121846c1a0522\"><\/p>\n\n\n\n<p><\/p>\n\n\n\n<h4 id=\"wp-block-themeisle-blocks-advanced-heading-fb110d64\" class=\"wp-block-themeisle-blocks-advanced-heading wp-block-themeisle-blocks-advanced-heading-fb110d64 has-dark-bg\"><strong>Qui sont nos grands <s>sp\u00e9cialist<\/s>&#8230; amateurs de bi\u00e8re ?<\/strong><\/h4>\n\n\n\n<p>Eloge de la bi\u00e8re est un spectacle \u00e9crit par <strong>Ronny Couteurre<\/strong> sur une musique de <strong>G\u00e9rard Jouannest<\/strong> (pianiste et co-compositeur de Jacques Brel). Il fut jou\u00e9 pour la premi\u00e8re fois en 1993 par Ronny et sa cantatrice de femme, <strong>Dianne Van Den Eijnden<\/strong>.<\/p>\n\n\n\n<p>Pour donner vie \u00e0 une nouvelle adaptation, le com\u00e9dien et metteur en sc\u00e8ne <strong>Philippe Laurent<\/strong> re\u00e7oit la b\u00e9n\u00e9diction de la veuve de Ronny en 2022. Il fait alors appel \u00e0 la chanteuse lyrique <strong>Maude Georges<\/strong> pour l&rsquo;accompagner dans cette aventure p\u00e9tillante.<\/p>\n\n\n\n<div class=\"wp-block-columns is-layout-flex wp-container-core-columns-is-layout-28f84493 wp-block-columns-is-layout-flex\">\n<div class=\"wp-block-column is-layout-flow wp-block-column-is-layout-flow\"><\/div>\n\n\n\n<div class=\"wp-block-column is-layout-flow wp-block-column-is-layout-flow\">\n<figure class=\"wp-block-image size-full\"><img loading=\"lazy\" decoding=\"async\" width=\"615\" height=\"615\" src=\"https:\/\/maudegeorges.fr\/wp-content\/uploads\/2024\/08\/Philippe.png\" alt=\"\" class=\"wp-image-244\" srcset=\"https:\/\/maudegeorges.fr\/wp-content\/uploads\/2024\/08\/Philippe.png 615w, https:\/\/maudegeorges.fr\/wp-content\/uploads\/2024\/08\/Philippe-300x300.png 300w, https:\/\/maudegeorges.fr\/wp-content\/uploads\/2024\/08\/Philippe-150x150.png 150w\" sizes=\"auto, (max-width: 615px) 100vw, 615px\" \/><figcaption class=\"wp-element-caption\"><mark style=\"background-color:rgba(0, 0, 0, 0);color:#ffffff\" class=\"has-inline-color\">Philippe Laurent<\/mark><\/figcaption><\/figure>\n<\/div>\n\n\n\n<div class=\"wp-block-column is-layout-flow wp-block-column-is-layout-flow\">\n<figure class=\"wp-block-image size-full\"><img loading=\"lazy\" decoding=\"async\" width=\"602\" height=\"602\" src=\"https:\/\/maudegeorges.fr\/wp-content\/uploads\/2024\/08\/Maude-1.png\" alt=\"\" class=\"wp-image-243\" srcset=\"https:\/\/maudegeorges.fr\/wp-content\/uploads\/2024\/08\/Maude-1.png 602w, https:\/\/maudegeorges.fr\/wp-content\/uploads\/2024\/08\/Maude-1-300x300.png 300w, https:\/\/maudegeorges.fr\/wp-content\/uploads\/2024\/08\/Maude-1-150x150.png 150w\" sizes=\"auto, (max-width: 602px) 100vw, 602px\" \/><figcaption class=\"wp-element-caption\"><mark style=\"background-color:rgba(0, 0, 0, 0);color:#ffffff\" class=\"has-inline-color\">Maude Georges<\/mark><\/figcaption><\/figure>\n<\/div>\n\n\n\n<div class=\"wp-block-column is-layout-flow wp-block-column-is-layout-flow\"><\/div>\n<\/div>\n\n\n\n<p>Ensemble, le duo modernise la pi\u00e8ce tout en prenant soin de conserver son essence et donne leur premi\u00e8re repr\u00e9sentation le 6 avril 2023. Depuis le spectacle tourne dans toute la France &#8211; et bient\u00f4t \u00e0 l&rsquo;\u00e9tranger !<\/p>\n\n\n\n<figure class=\"wp-block-embed is-type-video is-provider-youtube wp-block-embed-youtube wp-embed-aspect-16-9 wp-has-aspect-ratio\"><div class=\"wp-block-embed__wrapper\">\n<iframe loading=\"lazy\" title=\"Eloge de la Bi\u00e8re - Dychka &amp; Cie - un spectacle po\u00e9tique !\" width=\"500\" height=\"281\" src=\"https:\/\/www.youtube.com\/embed\/bHCgOxDHXmU?feature=oembed\" frameborder=\"0\" allow=\"accelerometer; autoplay; clipboard-write; encrypted-media; gyroscope; picture-in-picture; web-share\" referrerpolicy=\"strict-origin-when-cross-origin\" allowfullscreen><\/iframe>\n<\/div><\/figure>\n\n\n\n<p id=\"wp-block-themeisle-blocks-advanced-heading-516fe3f2\" class=\"wp-block-themeisle-blocks-advanced-heading wp-block-themeisle-blocks-advanced-heading-516fe3f2\"><em>Eloge est un spectacle de la compagnie <a href=\"https:\/\/www.dychka.fr\/\">Dychka &amp; Cie<\/a><\/em><\/p>\n\n\n\n<p><\/p>\n\n\n\n<h4 id=\"wp-block-themeisle-blocks-advanced-heading-de96306c\" class=\"wp-block-themeisle-blocks-advanced-heading wp-block-themeisle-blocks-advanced-heading-de96306c has-dark-bg\"><strong>Programmer Eloge de la Bi\u00e8re ?<\/strong><\/h4>\n\n\n\n<div class=\"wp-block-columns is-layout-flex wp-container-core-columns-is-layout-28f84493 wp-block-columns-is-layout-flex\">\n<div class=\"wp-block-column is-layout-flow wp-block-column-is-layout-flow\" style=\"flex-basis:33.33%\">\n<figure class=\"wp-block-image aligncenter size-full\"><img loading=\"lazy\" decoding=\"async\" width=\"1414\" height=\"2000\" src=\"https:\/\/maudegeorges.fr\/wp-content\/uploads\/2024\/08\/eLOGE-affiche-generique.jpg\" alt=\"\" class=\"wp-image-245\" srcset=\"https:\/\/maudegeorges.fr\/wp-content\/uploads\/2024\/08\/eLOGE-affiche-generique.jpg 1414w, https:\/\/maudegeorges.fr\/wp-content\/uploads\/2024\/08\/eLOGE-affiche-generique-212x300.jpg 212w, https:\/\/maudegeorges.fr\/wp-content\/uploads\/2024\/08\/eLOGE-affiche-generique-724x1024.jpg 724w, https:\/\/maudegeorges.fr\/wp-content\/uploads\/2024\/08\/eLOGE-affiche-generique-768x1086.jpg 768w, https:\/\/maudegeorges.fr\/wp-content\/uploads\/2024\/08\/eLOGE-affiche-generique-1086x1536.jpg 1086w\" sizes=\"auto, (max-width: 1414px) 100vw, 1414px\" \/><\/figure>\n<\/div>\n\n\n\n<div class=\"wp-block-column is-layout-flow wp-block-column-is-layout-flow\" style=\"flex-basis:66.66%\">\n<h5 id=\"wp-block-themeisle-blocks-advanced-heading-4b3f5d58\" class=\"wp-block-themeisle-blocks-advanced-heading wp-block-themeisle-blocks-advanced-heading-4b3f5d58\">un spectacle, plusieurs formules<\/h5>\n\n\n\n<p id=\"wp-block-themeisle-blocks-advanced-heading-18cbe604\" class=\"wp-block-themeisle-blocks-advanced-heading wp-block-themeisle-blocks-advanced-heading-18cbe604\"><em>Dans un th\u00e9\u00e2tre, une salle des f\u00eates ou dans le cadre d&rsquo;un festival de rue, Eloge de la Bi\u00e8re est un spectacle adaptable \u00e0 tous les lieux et toutes les situations !<\/em> <\/p>\n\n\n\n<ul style=\"margin-top:0;margin-bottom:0;padding-top:0;padding-bottom:0\" class=\"wp-block-list\">\n<li class=\"has-small-font-size\" style=\"padding-top:0;padding-right:0;padding-bottom:0;padding-left:0\"><strong><u>Nombre d&rsquo;artistes<\/u><\/strong><strong>&nbsp;: <\/strong><strong>2<\/strong><\/li>\n<\/ul>\n\n\n\n<ul style=\"margin-top:0;margin-bottom:0;padding-top:0;padding-bottom:0\" class=\"wp-block-list\">\n<li class=\"has-small-font-size\"><strong><u>Dur\u00e9e<\/u>&nbsp;: 90 minutes<\/strong><\/li>\n<\/ul>\n\n\n\n<ul style=\"margin-top:0;margin-bottom:0;padding-top:0;padding-bottom:0\" class=\"wp-block-list\">\n<li class=\"has-small-font-size\"><strong><span style=\"text-decoration: underline;\">Public<\/span>&nbsp;: La consommation est r\u00e9serv\u00e9e au plus de 18 ans<\/strong><\/li>\n<\/ul>\n\n\n\n<div class=\"wp-block-buttons is-content-justification-center is-layout-flex wp-container-core-buttons-is-layout-a89b3969 wp-block-buttons-is-layout-flex\">\n<div class=\"wp-block-button\"><a class=\"wp-block-button__link has-white-color has-text-color has-link-color wp-element-button\" href=\"https:\/\/maudegeorges.fr\/wp-content\/uploads\/2025\/04\/Dossier-technique-Eloge-de-la-biere.pdf\">Dossier de pr\u00e9sentation<\/a><\/div>\n<\/div>\n<\/div>\n<\/div>\n","protected":false},"excerpt":{"rendered":"<p>Eloge de la Bi\u00e8re est un banquet litt\u00e9raire, musical et gourmet harmonieusement compos\u00e9 pour le plus grand r\u00e9gal de l&rsquo;imagination \u2013 et de nos palais&nbsp;! Tir\u00e9 de l&rsquo;op\u00e9ra \u00ab\u00a0Les Contes [&hellip;]<\/p>\n","protected":false},"author":1,"featured_media":0,"parent":0,"menu_order":0,"comment_status":"closed","ping_status":"closed","template":"","meta":{"_EventAllDay":false,"_EventTimezone":"","_EventStartDate":"","_EventEndDate":"","_EventStartDateUTC":"","_EventEndDateUTC":"","_EventShowMap":false,"_EventShowMapLink":false,"_EventURL":"","_EventCost":"","_EventCostDescription":"","_EventCurrencySymbol":"","_EventCurrencyCode":"","_EventCurrencyPosition":"","_EventDateTimeSeparator":"","_EventTimeRangeSeparator":"","_EventOrganizerID":[],"_EventVenueID":[],"_OrganizerEmail":"","_OrganizerPhone":"","_OrganizerWebsite":"","_VenueAddress":"","_VenueCity":"","_VenueCountry":"","_VenueProvince":"","_VenueState":"","_VenueZip":"","_VenuePhone":"","_VenueURL":"","_VenueStateProvince":"","_VenueLat":"","_VenueLng":"","_VenueShowMap":false,"_VenueShowMapLink":false,"_themeisle_gutenberg_block_has_review":false,"footnotes":""},"class_list":["post-241","page","type-page","status-publish","hentry"],"yoast_head":"<!-- This site is optimized with the Yoast SEO plugin v22.8 - https:\/\/yoast.com\/wordpress\/plugins\/seo\/ -->\n<title>Eloge de la Bi\u00e8re -<\/title>\n<meta name=\"robots\" content=\"index, follow, max-snippet:-1, max-image-preview:large, max-video-preview:-1\" \/>\n<link rel=\"canonical\" href=\"https:\/\/maudegeorges.fr\/index.php\/eloge-de-la-biere\/\" \/>\n<meta property=\"og:locale\" content=\"fr_FR\" \/>\n<meta property=\"og:type\" content=\"article\" \/>\n<meta property=\"og:title\" content=\"Eloge de la Bi\u00e8re -\" \/>\n<meta property=\"og:description\" content=\"Eloge de la Bi\u00e8re est un banquet litt\u00e9raire, musical et gourmet harmonieusement compos\u00e9 pour le plus grand r\u00e9gal de l&rsquo;imagination \u2013 et de nos palais&nbsp;! Tir\u00e9 de l&rsquo;op\u00e9ra \u00ab\u00a0Les Contes [&hellip;]\" \/>\n<meta property=\"og:url\" content=\"https:\/\/maudegeorges.fr\/index.php\/eloge-de-la-biere\/\" \/>\n<meta property=\"article:modified_time\" content=\"2025-04-10T08:03:16+00:00\" \/>\n<meta property=\"og:image\" content=\"https:\/\/maudegeorges.fr\/wp-content\/uploads\/2024\/08\/Avignon-juillet-2024.png\" \/>\n<meta name=\"twitter:card\" content=\"summary_large_image\" \/>\n<meta name=\"twitter:label1\" content=\"Dur\u00e9e de lecture estim\u00e9e\" \/>\n\t<meta name=\"twitter:data1\" content=\"3 minutes\" \/>\n<script type=\"application\/ld+json\" class=\"yoast-schema-graph\">{\"@context\":\"https:\/\/schema.org\",\"@graph\":[{\"@type\":\"WebPage\",\"@id\":\"https:\/\/maudegeorges.fr\/index.php\/eloge-de-la-biere\/\",\"url\":\"https:\/\/maudegeorges.fr\/index.php\/eloge-de-la-biere\/\",\"name\":\"Eloge de la Bi\u00e8re -\",\"isPartOf\":{\"@id\":\"https:\/\/maudegeorges.fr\/#website\"},\"primaryImageOfPage\":{\"@id\":\"https:\/\/maudegeorges.fr\/index.php\/eloge-de-la-biere\/#primaryimage\"},\"image\":{\"@id\":\"https:\/\/maudegeorges.fr\/index.php\/eloge-de-la-biere\/#primaryimage\"},\"thumbnailUrl\":\"https:\/\/maudegeorges.fr\/wp-content\/uploads\/2024\/08\/Avignon-juillet-2024.png\",\"datePublished\":\"2024-08-06T09:22:55+00:00\",\"dateModified\":\"2025-04-10T08:03:16+00:00\",\"breadcrumb\":{\"@id\":\"https:\/\/maudegeorges.fr\/index.php\/eloge-de-la-biere\/#breadcrumb\"},\"inLanguage\":\"fr-FR\",\"potentialAction\":[{\"@type\":\"ReadAction\",\"target\":[\"https:\/\/maudegeorges.fr\/index.php\/eloge-de-la-biere\/\"]}]},{\"@type\":\"ImageObject\",\"inLanguage\":\"fr-FR\",\"@id\":\"https:\/\/maudegeorges.fr\/index.php\/eloge-de-la-biere\/#primaryimage\",\"url\":\"https:\/\/maudegeorges.fr\/wp-content\/uploads\/2024\/08\/Avignon-juillet-2024.png\",\"contentUrl\":\"https:\/\/maudegeorges.fr\/wp-content\/uploads\/2024\/08\/Avignon-juillet-2024.png\",\"width\":675,\"height\":675},{\"@type\":\"BreadcrumbList\",\"@id\":\"https:\/\/maudegeorges.fr\/index.php\/eloge-de-la-biere\/#breadcrumb\",\"itemListElement\":[{\"@type\":\"ListItem\",\"position\":1,\"name\":\"Accueil\",\"item\":\"https:\/\/maudegeorges.fr\/\"},{\"@type\":\"ListItem\",\"position\":2,\"name\":\"Eloge de la Bi\u00e8re\"}]},{\"@type\":\"WebSite\",\"@id\":\"https:\/\/maudegeorges.fr\/#website\",\"url\":\"https:\/\/maudegeorges.fr\/\",\"name\":\"maudegeorges.fr\",\"description\":\"Une artiste qui donne de la voix !\",\"publisher\":{\"@id\":\"https:\/\/maudegeorges.fr\/#\/schema\/person\/9e7b4955b8e8ef46805ec209582402bc\"},\"potentialAction\":[{\"@type\":\"SearchAction\",\"target\":{\"@type\":\"EntryPoint\",\"urlTemplate\":\"https:\/\/maudegeorges.fr\/?s={search_term_string}\"},\"query-input\":\"required name=search_term_string\"}],\"inLanguage\":\"fr-FR\"},{\"@type\":[\"Person\",\"Organization\"],\"@id\":\"https:\/\/maudegeorges.fr\/#\/schema\/person\/9e7b4955b8e8ef46805ec209582402bc\",\"name\":\"admin1903\",\"image\":{\"@type\":\"ImageObject\",\"inLanguage\":\"fr-FR\",\"@id\":\"https:\/\/maudegeorges.fr\/#\/schema\/person\/image\/\",\"url\":\"http:\/\/maudegeorges.fr\/wp-content\/uploads\/2024\/06\/1.png\",\"contentUrl\":\"http:\/\/maudegeorges.fr\/wp-content\/uploads\/2024\/06\/1.png\",\"width\":500,\"height\":500,\"caption\":\"admin1903\"},\"logo\":{\"@id\":\"https:\/\/maudegeorges.fr\/#\/schema\/person\/image\/\"},\"sameAs\":[\"http:\/\/maudegeorges.fr\"]}]}<\/script>\n<!-- \/ Yoast SEO plugin. -->","yoast_head_json":{"title":"Eloge de la Bi\u00e8re -","robots":{"index":"index","follow":"follow","max-snippet":"max-snippet:-1","max-image-preview":"max-image-preview:large","max-video-preview":"max-video-preview:-1"},"canonical":"https:\/\/maudegeorges.fr\/index.php\/eloge-de-la-biere\/","og_locale":"fr_FR","og_type":"article","og_title":"Eloge de la Bi\u00e8re -","og_description":"Eloge de la Bi\u00e8re est un banquet litt\u00e9raire, musical et gourmet harmonieusement compos\u00e9 pour le plus grand r\u00e9gal de l&rsquo;imagination \u2013 et de nos palais&nbsp;! Tir\u00e9 de l&rsquo;op\u00e9ra \u00ab\u00a0Les Contes [&hellip;]","og_url":"https:\/\/maudegeorges.fr\/index.php\/eloge-de-la-biere\/","article_modified_time":"2025-04-10T08:03:16+00:00","og_image":[{"url":"https:\/\/maudegeorges.fr\/wp-content\/uploads\/2024\/08\/Avignon-juillet-2024.png"}],"twitter_card":"summary_large_image","twitter_misc":{"Dur\u00e9e de lecture estim\u00e9e":"3 minutes"},"schema":{"@context":"https:\/\/schema.org","@graph":[{"@type":"WebPage","@id":"https:\/\/maudegeorges.fr\/index.php\/eloge-de-la-biere\/","url":"https:\/\/maudegeorges.fr\/index.php\/eloge-de-la-biere\/","name":"Eloge de la Bi\u00e8re -","isPartOf":{"@id":"https:\/\/maudegeorges.fr\/#website"},"primaryImageOfPage":{"@id":"https:\/\/maudegeorges.fr\/index.php\/eloge-de-la-biere\/#primaryimage"},"image":{"@id":"https:\/\/maudegeorges.fr\/index.php\/eloge-de-la-biere\/#primaryimage"},"thumbnailUrl":"https:\/\/maudegeorges.fr\/wp-content\/uploads\/2024\/08\/Avignon-juillet-2024.png","datePublished":"2024-08-06T09:22:55+00:00","dateModified":"2025-04-10T08:03:16+00:00","breadcrumb":{"@id":"https:\/\/maudegeorges.fr\/index.php\/eloge-de-la-biere\/#breadcrumb"},"inLanguage":"fr-FR","potentialAction":[{"@type":"ReadAction","target":["https:\/\/maudegeorges.fr\/index.php\/eloge-de-la-biere\/"]}]},{"@type":"ImageObject","inLanguage":"fr-FR","@id":"https:\/\/maudegeorges.fr\/index.php\/eloge-de-la-biere\/#primaryimage","url":"https:\/\/maudegeorges.fr\/wp-content\/uploads\/2024\/08\/Avignon-juillet-2024.png","contentUrl":"https:\/\/maudegeorges.fr\/wp-content\/uploads\/2024\/08\/Avignon-juillet-2024.png","width":675,"height":675},{"@type":"BreadcrumbList","@id":"https:\/\/maudegeorges.fr\/index.php\/eloge-de-la-biere\/#breadcrumb","itemListElement":[{"@type":"ListItem","position":1,"name":"Accueil","item":"https:\/\/maudegeorges.fr\/"},{"@type":"ListItem","position":2,"name":"Eloge de la Bi\u00e8re"}]},{"@type":"WebSite","@id":"https:\/\/maudegeorges.fr\/#website","url":"https:\/\/maudegeorges.fr\/","name":"maudegeorges.fr","description":"Une artiste qui donne de la voix !","publisher":{"@id":"https:\/\/maudegeorges.fr\/#\/schema\/person\/9e7b4955b8e8ef46805ec209582402bc"},"potentialAction":[{"@type":"SearchAction","target":{"@type":"EntryPoint","urlTemplate":"https:\/\/maudegeorges.fr\/?s={search_term_string}"},"query-input":"required name=search_term_string"}],"inLanguage":"fr-FR"},{"@type":["Person","Organization"],"@id":"https:\/\/maudegeorges.fr\/#\/schema\/person\/9e7b4955b8e8ef46805ec209582402bc","name":"admin1903","image":{"@type":"ImageObject","inLanguage":"fr-FR","@id":"https:\/\/maudegeorges.fr\/#\/schema\/person\/image\/","url":"http:\/\/maudegeorges.fr\/wp-content\/uploads\/2024\/06\/1.png","contentUrl":"http:\/\/maudegeorges.fr\/wp-content\/uploads\/2024\/06\/1.png","width":500,"height":500,"caption":"admin1903"},"logo":{"@id":"https:\/\/maudegeorges.fr\/#\/schema\/person\/image\/"},"sameAs":["http:\/\/maudegeorges.fr"]}]}},"_links":{"self":[{"href":"https:\/\/maudegeorges.fr\/index.php\/wp-json\/wp\/v2\/pages\/241","targetHints":{"allow":["GET"]}}],"collection":[{"href":"https:\/\/maudegeorges.fr\/index.php\/wp-json\/wp\/v2\/pages"}],"about":[{"href":"https:\/\/maudegeorges.fr\/index.php\/wp-json\/wp\/v2\/types\/page"}],"author":[{"embeddable":true,"href":"https:\/\/maudegeorges.fr\/index.php\/wp-json\/wp\/v2\/users\/1"}],"replies":[{"embeddable":true,"href":"https:\/\/maudegeorges.fr\/index.php\/wp-json\/wp\/v2\/comments?post=241"}],"version-history":[{"count":16,"href":"https:\/\/maudegeorges.fr\/index.php\/wp-json\/wp\/v2\/pages\/241\/revisions"}],"predecessor-version":[{"id":416,"href":"https:\/\/maudegeorges.fr\/index.php\/wp-json\/wp\/v2\/pages\/241\/revisions\/416"}],"wp:attachment":[{"href":"https:\/\/maudegeorges.fr\/index.php\/wp-json\/wp\/v2\/media?parent=241"}],"curies":[{"name":"wp","href":"https:\/\/api.w.org\/{rel}","templated":true}]}}