{"id":223,"date":"2024-07-10T21:15:27","date_gmt":"2024-07-10T19:15:27","guid":{"rendered":"https:\/\/maudegeorges.fr\/?page_id=223"},"modified":"2024-07-10T21:16:18","modified_gmt":"2024-07-10T19:16:18","slug":"les-merles-moqueurs","status":"publish","type":"page","link":"https:\/\/maudegeorges.fr\/index.php\/les-merles-moqueurs\/","title":{"rendered":"Les Merles Moqueurs"},"content":{"rendered":"\n<h4 id=\"wp-block-themeisle-blocks-advanced-heading-46828976\" class=\"wp-block-themeisle-blocks-advanced-heading wp-block-themeisle-blocks-advanced-heading-46828976 has-light-bg\"><strong>Qui sont les Merles Moqueurs ?<\/strong><\/h4>\n\n\n\n<p>Les <strong>Merles Moqueurs<\/strong>, ce sont quatre chanteurs professionnels qui mettent leur voix au service des entreprises, pour animer soir\u00e9es ou s\u00e9minaires !<\/p>\n\n\n\n<p class=\"has-text-align-center has-white-color has-text-color has-link-color wp-elements-cab490fb5d07bca365c5945b7d1daf33\"><em>Comme les merles, nous aimons chanter<br>Comme le merle de la chanson, nous aimons ironiser<\/em><\/p>\n\n\n\n<div class=\"wp-block-columns is-layout-flex wp-container-core-columns-is-layout-28f84493 wp-block-columns-is-layout-flex\">\n<div class=\"wp-block-column is-layout-flow wp-block-column-is-layout-flow\">\n<figure class=\"wp-block-image size-full\"><img loading=\"lazy\" decoding=\"async\" width=\"424\" height=\"424\" src=\"https:\/\/maudegeorges.fr\/wp-content\/uploads\/2024\/07\/Capture-decran-2024-07-10-201113-1.png\" alt=\"\" class=\"wp-image-226\" srcset=\"https:\/\/maudegeorges.fr\/wp-content\/uploads\/2024\/07\/Capture-decran-2024-07-10-201113-1.png 424w, https:\/\/maudegeorges.fr\/wp-content\/uploads\/2024\/07\/Capture-decran-2024-07-10-201113-1-300x300.png 300w, https:\/\/maudegeorges.fr\/wp-content\/uploads\/2024\/07\/Capture-decran-2024-07-10-201113-1-150x150.png 150w\" sizes=\"auto, (max-width: 424px) 100vw, 424px\" \/><figcaption class=\"wp-element-caption\"><mark style=\"background-color:rgba(0, 0, 0, 0);color:#ffffff\" class=\"has-inline-color\">Maude Georges<\/mark><\/figcaption><\/figure>\n<\/div>\n\n\n\n<div class=\"wp-block-column is-layout-flow wp-block-column-is-layout-flow\">\n<figure class=\"wp-block-image size-full\"><img loading=\"lazy\" decoding=\"async\" width=\"454\" height=\"454\" src=\"https:\/\/maudegeorges.fr\/wp-content\/uploads\/2024\/07\/Capture-decran-2024-07-10-201159.png\" alt=\"\" class=\"wp-image-227\" srcset=\"https:\/\/maudegeorges.fr\/wp-content\/uploads\/2024\/07\/Capture-decran-2024-07-10-201159.png 454w, https:\/\/maudegeorges.fr\/wp-content\/uploads\/2024\/07\/Capture-decran-2024-07-10-201159-300x300.png 300w, https:\/\/maudegeorges.fr\/wp-content\/uploads\/2024\/07\/Capture-decran-2024-07-10-201159-150x150.png 150w\" sizes=\"auto, (max-width: 454px) 100vw, 454px\" \/><figcaption class=\"wp-element-caption\"><mark style=\"background-color:rgba(0, 0, 0, 0);color:#ffffff\" class=\"has-inline-color\">Anne Davienne<\/mark><\/figcaption><\/figure>\n<\/div>\n\n\n\n<div class=\"wp-block-column is-layout-flow wp-block-column-is-layout-flow\">\n<figure class=\"wp-block-image size-full\"><img loading=\"lazy\" decoding=\"async\" width=\"552\" height=\"552\" src=\"https:\/\/maudegeorges.fr\/wp-content\/uploads\/2024\/07\/Capture-decran-2024-07-10-201210.png\" alt=\"\" class=\"wp-image-228\" srcset=\"https:\/\/maudegeorges.fr\/wp-content\/uploads\/2024\/07\/Capture-decran-2024-07-10-201210.png 552w, https:\/\/maudegeorges.fr\/wp-content\/uploads\/2024\/07\/Capture-decran-2024-07-10-201210-300x300.png 300w, https:\/\/maudegeorges.fr\/wp-content\/uploads\/2024\/07\/Capture-decran-2024-07-10-201210-150x150.png 150w\" sizes=\"auto, (max-width: 552px) 100vw, 552px\" \/><figcaption class=\"wp-element-caption\"><mark style=\"background-color:rgba(0, 0, 0, 0);color:#ffffff\" class=\"has-inline-color\">Fr\u00e9d\u00e9ric Bayle<\/mark><\/figcaption><\/figure>\n<\/div>\n\n\n\n<div class=\"wp-block-column is-layout-flow wp-block-column-is-layout-flow\">\n<figure class=\"wp-block-image size-full\"><img loading=\"lazy\" decoding=\"async\" width=\"493\" height=\"493\" src=\"https:\/\/maudegeorges.fr\/wp-content\/uploads\/2024\/07\/Capture-decran-2024-07-10-201219.png\" alt=\"\" class=\"wp-image-229\" srcset=\"https:\/\/maudegeorges.fr\/wp-content\/uploads\/2024\/07\/Capture-decran-2024-07-10-201219.png 493w, https:\/\/maudegeorges.fr\/wp-content\/uploads\/2024\/07\/Capture-decran-2024-07-10-201219-300x300.png 300w, https:\/\/maudegeorges.fr\/wp-content\/uploads\/2024\/07\/Capture-decran-2024-07-10-201219-150x150.png 150w\" sizes=\"auto, (max-width: 493px) 100vw, 493px\" \/><figcaption class=\"wp-element-caption\"><mark style=\"background-color:rgba(0, 0, 0, 0);color:#ffffff\" class=\"has-inline-color\">Nicolas Josserand<\/mark><\/figcaption><\/figure>\n<\/div>\n<\/div>\n\n\n\n<p>Talentueux, dynamiques et malicieux, ils s&rsquo;appliquent \u00e0 d\u00e9tourner des morceaux connus pour donner une nouvelle dimension aux \u00e9v\u00e8nements professionnels. De quoi donner des ailes \u00e0 vos collaborateurs !<\/p>\n\n\n\n<p><\/p>\n\n\n\n<figure class=\"wp-block-video\"><video height=\"720\" style=\"aspect-ratio: 1280 \/ 720;\" width=\"1280\" controls src=\"https:\/\/maudegeorges.fr\/wp-content\/uploads\/2024\/07\/Merles-Moqueurs-presentation-musicale.mp4\"><\/video><\/figure>\n\n\n\n<p><\/p>\n\n\n\n<h4 id=\"wp-block-themeisle-blocks-advanced-heading-fb110d64\" class=\"wp-block-themeisle-blocks-advanced-heading wp-block-themeisle-blocks-advanced-heading-fb110d64 has-dark-bg\"><strong>Que font les Merles Moqueurs ?<\/strong><\/h4>\n\n\n\n<p>Les Merles Moqueurs allient belle musique et bons mots : un beau ramage et un beau plumage, pour \u00eatre les ph\u00e9nix des h\u00f4tes de ces bois. <\/p>\n\n\n\n<p>Pour cela, ils s&rsquo;appuient sur des morceaux classiques (comme par exemple les \u0153uvres de Schubert) revisit\u00e9s par la plume de Jacques Pommier, m\u00e9diateur d&rsquo;entreprise. <\/p>\n\n\n\n<p>Un m\u00e9lange d\u00e9tonnant et virevoltant qui ne vous laissera pas indiff\u00e9rent !<\/p>\n\n\n\n<div class=\"wp-block-columns is-layout-flex wp-container-core-columns-is-layout-28f84493 wp-block-columns-is-layout-flex\">\n<div class=\"wp-block-column is-layout-flow wp-block-column-is-layout-flow\"><\/div>\n\n\n\n<div class=\"wp-block-column is-layout-flow wp-block-column-is-layout-flow\">\n<figure class=\"wp-block-image size-full\"><img loading=\"lazy\" decoding=\"async\" width=\"555\" height=\"555\" src=\"https:\/\/maudegeorges.fr\/wp-content\/uploads\/2024\/07\/Capture-decran-2024-07-10-205522.png\" alt=\"\" class=\"wp-image-233\" srcset=\"https:\/\/maudegeorges.fr\/wp-content\/uploads\/2024\/07\/Capture-decran-2024-07-10-205522.png 555w, https:\/\/maudegeorges.fr\/wp-content\/uploads\/2024\/07\/Capture-decran-2024-07-10-205522-300x300.png 300w, https:\/\/maudegeorges.fr\/wp-content\/uploads\/2024\/07\/Capture-decran-2024-07-10-205522-150x150.png 150w\" sizes=\"auto, (max-width: 555px) 100vw, 555px\" \/><figcaption class=\"wp-element-caption\"><mark style=\"background-color:rgba(0, 0, 0, 0);color:#ffffff\" class=\"has-inline-color\">Franz Schubert<\/mark><\/figcaption><\/figure>\n<\/div>\n\n\n\n<div class=\"wp-block-column is-layout-flow wp-block-column-is-layout-flow\">\n<figure class=\"wp-block-image size-full\"><img loading=\"lazy\" decoding=\"async\" width=\"552\" height=\"552\" src=\"https:\/\/maudegeorges.fr\/wp-content\/uploads\/2024\/07\/Capture-decran-2024-07-10-205533.png\" alt=\"\" class=\"wp-image-234\" srcset=\"https:\/\/maudegeorges.fr\/wp-content\/uploads\/2024\/07\/Capture-decran-2024-07-10-205533.png 552w, https:\/\/maudegeorges.fr\/wp-content\/uploads\/2024\/07\/Capture-decran-2024-07-10-205533-300x300.png 300w, https:\/\/maudegeorges.fr\/wp-content\/uploads\/2024\/07\/Capture-decran-2024-07-10-205533-150x150.png 150w\" sizes=\"auto, (max-width: 552px) 100vw, 552px\" \/><figcaption class=\"wp-element-caption\"><mark style=\"background-color:rgba(0, 0, 0, 0);color:#ffffff\" class=\"has-inline-color\">Jacques Pommier<\/mark><\/figcaption><\/figure>\n<\/div>\n\n\n\n<div class=\"wp-block-column is-layout-flow wp-block-column-is-layout-flow\"><\/div>\n<\/div>\n\n\n\n<p><\/p>\n\n\n\n<h4 id=\"wp-block-themeisle-blocks-advanced-heading-de96306c\" class=\"wp-block-themeisle-blocks-advanced-heading wp-block-themeisle-blocks-advanced-heading-de96306c has-dark-bg\"><strong>Et c&rsquo;est quoi, leur grande messe ?<\/strong><\/h4>\n\n\n\n<div class=\"wp-block-columns is-layout-flex wp-container-core-columns-is-layout-28f84493 wp-block-columns-is-layout-flex\">\n<div class=\"wp-block-column is-layout-flow wp-block-column-is-layout-flow\" style=\"flex-basis:33.33%\">\n<figure class=\"wp-block-image aligncenter size-full\"><img loading=\"lazy\" decoding=\"async\" width=\"595\" height=\"842\" src=\"https:\/\/maudegeorges.fr\/wp-content\/uploads\/2024\/07\/Merles-Moqueurs-Grande-Messe-Affiche.jpg\" alt=\"\" class=\"wp-image-232\" srcset=\"https:\/\/maudegeorges.fr\/wp-content\/uploads\/2024\/07\/Merles-Moqueurs-Grande-Messe-Affiche.jpg 595w, https:\/\/maudegeorges.fr\/wp-content\/uploads\/2024\/07\/Merles-Moqueurs-Grande-Messe-Affiche-212x300.jpg 212w\" sizes=\"auto, (max-width: 595px) 100vw, 595px\" \/><\/figure>\n<\/div>\n\n\n\n<div class=\"wp-block-column is-layout-flow wp-block-column-is-layout-flow\" style=\"flex-basis:66.66%\">\n<h5 id=\"wp-block-themeisle-blocks-advanced-heading-4b3f5d58\" class=\"wp-block-themeisle-blocks-advanced-heading wp-block-themeisle-blocks-advanced-heading-4b3f5d58\">Grand-messe pour entreprise de Frantz Schubert<\/h5>\n\n\n\n<p id=\"wp-block-themeisle-blocks-advanced-heading-18cbe604\" class=\"wp-block-themeisle-blocks-advanced-heading wp-block-themeisle-blocks-advanced-heading-18cbe604\"><em>Musique de Frantz Schubert, Deutsche Messe<br>Textes adapt\u00e9s par Jacques Pommier, chansonnier d\u2019entreprise<\/em><\/p>\n\n\n\n<div class=\"wp-block-buttons is-content-justification-center is-layout-flex wp-container-core-buttons-is-layout-a89b3969 wp-block-buttons-is-layout-flex\">\n<div class=\"wp-block-button\"><a class=\"wp-block-button__link has-white-color has-text-color has-link-color wp-element-button\" href=\"https:\/\/maudegeorges.fr\/wp-content\/uploads\/2024\/07\/Merles-Moqueurs-Grande-Messe-Programme.pdf\" target=\"_blank\" rel=\"noreferrer noopener\">T\u00e9l\u00e9charger le dossier de pr\u00e9sentation<\/a><\/div>\n<\/div>\n<\/div>\n<\/div>\n\n\n\n<p><\/p>\n\n\n\n<figure class=\"wp-block-video\"><video height=\"720\" style=\"aspect-ratio: 1280 \/ 720;\" width=\"1280\" controls src=\"https:\/\/maudegeorges.fr\/wp-content\/uploads\/2024\/07\/Merles-Moqueurs-teaser.mp4\"><\/video><\/figure>\n","protected":false},"excerpt":{"rendered":"<p>Les Merles Moqueurs, ce sont quatre chanteurs professionnels qui mettent leur voix au service des entreprises, pour animer soir\u00e9es ou s\u00e9minaires ! Comme les merles, nous aimons chanterComme le merle [&hellip;]<\/p>\n","protected":false},"author":1,"featured_media":0,"parent":0,"menu_order":0,"comment_status":"closed","ping_status":"closed","template":"","meta":{"_EventAllDay":false,"_EventTimezone":"","_EventStartDate":"","_EventEndDate":"","_EventStartDateUTC":"","_EventEndDateUTC":"","_EventShowMap":false,"_EventShowMapLink":false,"_EventURL":"","_EventCost":"","_EventCostDescription":"","_EventCurrencySymbol":"","_EventCurrencyCode":"","_EventCurrencyPosition":"","_EventDateTimeSeparator":"","_EventTimeRangeSeparator":"","_EventOrganizerID":[],"_EventVenueID":[],"_OrganizerEmail":"","_OrganizerPhone":"","_OrganizerWebsite":"","_VenueAddress":"","_VenueCity":"","_VenueCountry":"","_VenueProvince":"","_VenueState":"","_VenueZip":"","_VenuePhone":"","_VenueURL":"","_VenueStateProvince":"","_VenueLat":"","_VenueLng":"","_VenueShowMap":false,"_VenueShowMapLink":false,"_themeisle_gutenberg_block_has_review":false,"footnotes":""},"class_list":["post-223","page","type-page","status-publish","hentry"],"yoast_head":"<!-- This site is optimized with the Yoast SEO plugin v22.8 - https:\/\/yoast.com\/wordpress\/plugins\/seo\/ -->\n<title>Les Merles Moqueurs -<\/title>\n<meta name=\"robots\" content=\"index, follow, max-snippet:-1, max-image-preview:large, max-video-preview:-1\" \/>\n<link rel=\"canonical\" href=\"https:\/\/maudegeorges.fr\/index.php\/les-merles-moqueurs\/\" \/>\n<meta property=\"og:locale\" content=\"fr_FR\" \/>\n<meta property=\"og:type\" content=\"article\" \/>\n<meta property=\"og:title\" content=\"Les Merles Moqueurs -\" \/>\n<meta property=\"og:description\" content=\"Les Merles Moqueurs, ce sont quatre chanteurs professionnels qui mettent leur voix au service des entreprises, pour animer soir\u00e9es ou s\u00e9minaires ! Comme les merles, nous aimons chanterComme le merle [&hellip;]\" \/>\n<meta property=\"og:url\" content=\"https:\/\/maudegeorges.fr\/index.php\/les-merles-moqueurs\/\" \/>\n<meta property=\"article:modified_time\" content=\"2024-07-10T19:16:18+00:00\" \/>\n<meta property=\"og:image\" content=\"https:\/\/maudegeorges.fr\/wp-content\/uploads\/2024\/07\/Capture-decran-2024-07-10-201113-1.png\" \/>\n<meta name=\"twitter:card\" content=\"summary_large_image\" \/>\n<meta name=\"twitter:label1\" content=\"Dur\u00e9e de lecture estim\u00e9e\" \/>\n\t<meta name=\"twitter:data1\" content=\"3 minutes\" \/>\n<script type=\"application\/ld+json\" class=\"yoast-schema-graph\">{\"@context\":\"https:\/\/schema.org\",\"@graph\":[{\"@type\":\"WebPage\",\"@id\":\"https:\/\/maudegeorges.fr\/index.php\/les-merles-moqueurs\/\",\"url\":\"https:\/\/maudegeorges.fr\/index.php\/les-merles-moqueurs\/\",\"name\":\"Les Merles Moqueurs -\",\"isPartOf\":{\"@id\":\"https:\/\/maudegeorges.fr\/#website\"},\"primaryImageOfPage\":{\"@id\":\"https:\/\/maudegeorges.fr\/index.php\/les-merles-moqueurs\/#primaryimage\"},\"image\":{\"@id\":\"https:\/\/maudegeorges.fr\/index.php\/les-merles-moqueurs\/#primaryimage\"},\"thumbnailUrl\":\"https:\/\/maudegeorges.fr\/wp-content\/uploads\/2024\/07\/Capture-decran-2024-07-10-201113-1.png\",\"datePublished\":\"2024-07-10T19:15:27+00:00\",\"dateModified\":\"2024-07-10T19:16:18+00:00\",\"breadcrumb\":{\"@id\":\"https:\/\/maudegeorges.fr\/index.php\/les-merles-moqueurs\/#breadcrumb\"},\"inLanguage\":\"fr-FR\",\"potentialAction\":[{\"@type\":\"ReadAction\",\"target\":[\"https:\/\/maudegeorges.fr\/index.php\/les-merles-moqueurs\/\"]}]},{\"@type\":\"ImageObject\",\"inLanguage\":\"fr-FR\",\"@id\":\"https:\/\/maudegeorges.fr\/index.php\/les-merles-moqueurs\/#primaryimage\",\"url\":\"https:\/\/maudegeorges.fr\/wp-content\/uploads\/2024\/07\/Capture-decran-2024-07-10-201113-1.png\",\"contentUrl\":\"https:\/\/maudegeorges.fr\/wp-content\/uploads\/2024\/07\/Capture-decran-2024-07-10-201113-1.png\",\"width\":424,\"height\":424},{\"@type\":\"BreadcrumbList\",\"@id\":\"https:\/\/maudegeorges.fr\/index.php\/les-merles-moqueurs\/#breadcrumb\",\"itemListElement\":[{\"@type\":\"ListItem\",\"position\":1,\"name\":\"Accueil\",\"item\":\"https:\/\/maudegeorges.fr\/\"},{\"@type\":\"ListItem\",\"position\":2,\"name\":\"Les Merles Moqueurs\"}]},{\"@type\":\"WebSite\",\"@id\":\"https:\/\/maudegeorges.fr\/#website\",\"url\":\"https:\/\/maudegeorges.fr\/\",\"name\":\"maudegeorges.fr\",\"description\":\"Une artiste qui donne de la voix !\",\"publisher\":{\"@id\":\"https:\/\/maudegeorges.fr\/#\/schema\/person\/9e7b4955b8e8ef46805ec209582402bc\"},\"potentialAction\":[{\"@type\":\"SearchAction\",\"target\":{\"@type\":\"EntryPoint\",\"urlTemplate\":\"https:\/\/maudegeorges.fr\/?s={search_term_string}\"},\"query-input\":\"required name=search_term_string\"}],\"inLanguage\":\"fr-FR\"},{\"@type\":[\"Person\",\"Organization\"],\"@id\":\"https:\/\/maudegeorges.fr\/#\/schema\/person\/9e7b4955b8e8ef46805ec209582402bc\",\"name\":\"admin1903\",\"image\":{\"@type\":\"ImageObject\",\"inLanguage\":\"fr-FR\",\"@id\":\"https:\/\/maudegeorges.fr\/#\/schema\/person\/image\/\",\"url\":\"http:\/\/maudegeorges.fr\/wp-content\/uploads\/2024\/06\/1.png\",\"contentUrl\":\"http:\/\/maudegeorges.fr\/wp-content\/uploads\/2024\/06\/1.png\",\"width\":500,\"height\":500,\"caption\":\"admin1903\"},\"logo\":{\"@id\":\"https:\/\/maudegeorges.fr\/#\/schema\/person\/image\/\"},\"sameAs\":[\"http:\/\/maudegeorges.fr\"]}]}<\/script>\n<!-- \/ Yoast SEO plugin. -->","yoast_head_json":{"title":"Les Merles Moqueurs -","robots":{"index":"index","follow":"follow","max-snippet":"max-snippet:-1","max-image-preview":"max-image-preview:large","max-video-preview":"max-video-preview:-1"},"canonical":"https:\/\/maudegeorges.fr\/index.php\/les-merles-moqueurs\/","og_locale":"fr_FR","og_type":"article","og_title":"Les Merles Moqueurs -","og_description":"Les Merles Moqueurs, ce sont quatre chanteurs professionnels qui mettent leur voix au service des entreprises, pour animer soir\u00e9es ou s\u00e9minaires ! Comme les merles, nous aimons chanterComme le merle [&hellip;]","og_url":"https:\/\/maudegeorges.fr\/index.php\/les-merles-moqueurs\/","article_modified_time":"2024-07-10T19:16:18+00:00","og_image":[{"url":"https:\/\/maudegeorges.fr\/wp-content\/uploads\/2024\/07\/Capture-decran-2024-07-10-201113-1.png"}],"twitter_card":"summary_large_image","twitter_misc":{"Dur\u00e9e de lecture estim\u00e9e":"3 minutes"},"schema":{"@context":"https:\/\/schema.org","@graph":[{"@type":"WebPage","@id":"https:\/\/maudegeorges.fr\/index.php\/les-merles-moqueurs\/","url":"https:\/\/maudegeorges.fr\/index.php\/les-merles-moqueurs\/","name":"Les Merles Moqueurs -","isPartOf":{"@id":"https:\/\/maudegeorges.fr\/#website"},"primaryImageOfPage":{"@id":"https:\/\/maudegeorges.fr\/index.php\/les-merles-moqueurs\/#primaryimage"},"image":{"@id":"https:\/\/maudegeorges.fr\/index.php\/les-merles-moqueurs\/#primaryimage"},"thumbnailUrl":"https:\/\/maudegeorges.fr\/wp-content\/uploads\/2024\/07\/Capture-decran-2024-07-10-201113-1.png","datePublished":"2024-07-10T19:15:27+00:00","dateModified":"2024-07-10T19:16:18+00:00","breadcrumb":{"@id":"https:\/\/maudegeorges.fr\/index.php\/les-merles-moqueurs\/#breadcrumb"},"inLanguage":"fr-FR","potentialAction":[{"@type":"ReadAction","target":["https:\/\/maudegeorges.fr\/index.php\/les-merles-moqueurs\/"]}]},{"@type":"ImageObject","inLanguage":"fr-FR","@id":"https:\/\/maudegeorges.fr\/index.php\/les-merles-moqueurs\/#primaryimage","url":"https:\/\/maudegeorges.fr\/wp-content\/uploads\/2024\/07\/Capture-decran-2024-07-10-201113-1.png","contentUrl":"https:\/\/maudegeorges.fr\/wp-content\/uploads\/2024\/07\/Capture-decran-2024-07-10-201113-1.png","width":424,"height":424},{"@type":"BreadcrumbList","@id":"https:\/\/maudegeorges.fr\/index.php\/les-merles-moqueurs\/#breadcrumb","itemListElement":[{"@type":"ListItem","position":1,"name":"Accueil","item":"https:\/\/maudegeorges.fr\/"},{"@type":"ListItem","position":2,"name":"Les Merles Moqueurs"}]},{"@type":"WebSite","@id":"https:\/\/maudegeorges.fr\/#website","url":"https:\/\/maudegeorges.fr\/","name":"maudegeorges.fr","description":"Une artiste qui donne de la voix !","publisher":{"@id":"https:\/\/maudegeorges.fr\/#\/schema\/person\/9e7b4955b8e8ef46805ec209582402bc"},"potentialAction":[{"@type":"SearchAction","target":{"@type":"EntryPoint","urlTemplate":"https:\/\/maudegeorges.fr\/?s={search_term_string}"},"query-input":"required name=search_term_string"}],"inLanguage":"fr-FR"},{"@type":["Person","Organization"],"@id":"https:\/\/maudegeorges.fr\/#\/schema\/person\/9e7b4955b8e8ef46805ec209582402bc","name":"admin1903","image":{"@type":"ImageObject","inLanguage":"fr-FR","@id":"https:\/\/maudegeorges.fr\/#\/schema\/person\/image\/","url":"http:\/\/maudegeorges.fr\/wp-content\/uploads\/2024\/06\/1.png","contentUrl":"http:\/\/maudegeorges.fr\/wp-content\/uploads\/2024\/06\/1.png","width":500,"height":500,"caption":"admin1903"},"logo":{"@id":"https:\/\/maudegeorges.fr\/#\/schema\/person\/image\/"},"sameAs":["http:\/\/maudegeorges.fr"]}]}},"_links":{"self":[{"href":"https:\/\/maudegeorges.fr\/index.php\/wp-json\/wp\/v2\/pages\/223","targetHints":{"allow":["GET"]}}],"collection":[{"href":"https:\/\/maudegeorges.fr\/index.php\/wp-json\/wp\/v2\/pages"}],"about":[{"href":"https:\/\/maudegeorges.fr\/index.php\/wp-json\/wp\/v2\/types\/page"}],"author":[{"embeddable":true,"href":"https:\/\/maudegeorges.fr\/index.php\/wp-json\/wp\/v2\/users\/1"}],"replies":[{"embeddable":true,"href":"https:\/\/maudegeorges.fr\/index.php\/wp-json\/wp\/v2\/comments?post=223"}],"version-history":[{"count":4,"href":"https:\/\/maudegeorges.fr\/index.php\/wp-json\/wp\/v2\/pages\/223\/revisions"}],"predecessor-version":[{"id":238,"href":"https:\/\/maudegeorges.fr\/index.php\/wp-json\/wp\/v2\/pages\/223\/revisions\/238"}],"wp:attachment":[{"href":"https:\/\/maudegeorges.fr\/index.php\/wp-json\/wp\/v2\/media?parent=223"}],"curies":[{"name":"wp","href":"https:\/\/api.w.org\/{rel}","templated":true}]}}