{"id":2,"date":"2024-06-07T15:51:32","date_gmt":"2024-06-07T13:51:32","guid":{"rendered":"http:\/\/maudegeorges.fr\/?page_id=2"},"modified":"2024-07-09T13:28:11","modified_gmt":"2024-07-09T11:28:11","slug":"page-d-exemple","status":"publish","type":"page","link":"https:\/\/maudegeorges.fr\/","title":{"rendered":"Accueil"},"content":{"rendered":"\n<div class=\"wp-block-columns alignwide is-layout-flex wp-container-core-columns-is-layout-28f84493 wp-block-columns-is-layout-flex\">\n<div class=\"wp-block-column is-layout-flow wp-block-column-is-layout-flow\" style=\"flex-basis:100%\">\n<h4 id=\"wp-block-themeisle-blocks-advanced-heading-76b1ae79\" class=\"wp-block-themeisle-blocks-advanced-heading wp-block-themeisle-blocks-advanced-heading-76b1ae79\">Bienvenue sur le site professionnel de <strong>Maude Georges<\/strong> !<\/h4>\n<\/div>\n<\/div>\n\n\n\n<div class=\"wp-block-columns alignwide is-layout-flex wp-container-core-columns-is-layout-28f84493 wp-block-columns-is-layout-flex\">\n<div class=\"wp-block-column is-layout-flow wp-block-column-is-layout-flow\">\n<h6 id=\"wp-block-themeisle-blocks-advanced-heading-8552562f\" class=\"wp-block-themeisle-blocks-advanced-heading wp-block-themeisle-blocks-advanced-heading-8552562f o-typing-delay-1s\"><\/h6>\n\n\n\n<figure class=\"wp-block-image alignright size-large\"><img loading=\"lazy\" decoding=\"async\" width=\"1286\" height=\"305\" src=\"https:\/\/maudegeorges.fr\/wp-content\/uploads\/2024\/06\/flight-path-on-transparent-d-edited.png\" alt=\"\" class=\"wp-image-142\" srcset=\"https:\/\/maudegeorges.fr\/wp-content\/uploads\/2024\/06\/flight-path-on-transparent-d-edited.png 1286w, https:\/\/maudegeorges.fr\/wp-content\/uploads\/2024\/06\/flight-path-on-transparent-d-edited-300x71.png 300w, https:\/\/maudegeorges.fr\/wp-content\/uploads\/2024\/06\/flight-path-on-transparent-d-edited-1024x243.png 1024w, https:\/\/maudegeorges.fr\/wp-content\/uploads\/2024\/06\/flight-path-on-transparent-d-edited-768x182.png 768w\" sizes=\"auto, (max-width: 1286px) 100vw, 1286px\" \/><\/figure>\n<\/div>\n\n\n\n<div class=\"wp-block-column is-vertically-aligned-bottom is-layout-flow wp-block-column-is-layout-flow\">\n<h6 id=\"wp-block-themeisle-blocks-advanced-heading-e5de96eb\" class=\"wp-block-themeisle-blocks-advanced-heading wp-block-themeisle-blocks-advanced-heading-e5de96eb o-typing-delay-2s\"><a href=\"https:\/\/maudegeorges.fr\/index.php\/mediatrice\/\">Maude, m\u00e9diatrice<\/a><\/h6>\n<\/div>\n\n\n\n<div class=\"wp-block-column is-layout-flow wp-block-column-is-layout-flow\">\n<h6 id=\"wp-block-themeisle-blocks-advanced-heading-4d76bd7a\" class=\"wp-block-themeisle-blocks-advanced-heading wp-block-themeisle-blocks-advanced-heading-4d76bd7a o-typing-delay-3s\"><\/h6>\n<\/div>\n<\/div>\n\n\n\n<div class=\"wp-block-columns alignwide is-layout-flex wp-container-core-columns-is-layout-28f84493 wp-block-columns-is-layout-flex\">\n<div class=\"wp-block-column is-layout-flow wp-block-column-is-layout-flow\">\n<h6 id=\"wp-block-themeisle-blocks-advanced-heading-d2d8dd4d\" class=\"wp-block-themeisle-blocks-advanced-heading wp-block-themeisle-blocks-advanced-heading-d2d8dd4d\"><a href=\"https:\/\/maudegeorges.fr\/index.php\/artiste-lyrique\/\">Maude, artiste lyrique<\/a><\/h6>\n<\/div>\n\n\n\n<div class=\"wp-block-column is-layout-flow wp-block-column-is-layout-flow\">\n<figure class=\"wp-block-image size-large\"><img loading=\"lazy\" decoding=\"async\" width=\"526\" height=\"1024\" src=\"http:\/\/maudegeorges.fr\/wp-content\/uploads\/2024\/06\/Maude-1-526x1024.png\" alt=\"\" class=\"wp-image-46\" srcset=\"https:\/\/maudegeorges.fr\/wp-content\/uploads\/2024\/06\/Maude-1-526x1024.png 526w, https:\/\/maudegeorges.fr\/wp-content\/uploads\/2024\/06\/Maude-1-154x300.png 154w, https:\/\/maudegeorges.fr\/wp-content\/uploads\/2024\/06\/Maude-1-768x1496.png 768w, https:\/\/maudegeorges.fr\/wp-content\/uploads\/2024\/06\/Maude-1-788x1536.png 788w, https:\/\/maudegeorges.fr\/wp-content\/uploads\/2024\/06\/Maude-1-1051x2048.png 1051w\" sizes=\"auto, (max-width: 526px) 100vw, 526px\" \/><\/figure>\n<\/div>\n\n\n\n<div class=\"wp-block-column is-layout-flow wp-block-column-is-layout-flow\">\n<h6 id=\"wp-block-themeisle-blocks-advanced-heading-38342ab5\" class=\"wp-block-themeisle-blocks-advanced-heading wp-block-themeisle-blocks-advanced-heading-38342ab5\"><a href=\"https:\/\/maudegeorges.fr\/index.php\/cheffe-de-choeur\/\">Maude, cheffe de choeur<\/a><\/h6>\n<\/div>\n<\/div>\n\n\n\n<div class=\"wp-block-columns alignwide is-layout-flex wp-container-core-columns-is-layout-28f84493 wp-block-columns-is-layout-flex\">\n<div class=\"wp-block-column is-layout-flow wp-block-column-is-layout-flow\">\n<h4 id=\"wp-block-themeisle-blocks-advanced-heading-c2d90c51\" class=\"wp-block-themeisle-blocks-advanced-heading wp-block-themeisle-blocks-advanced-heading-c2d90c51\">Chanteuse lyrique, com\u00e9dienne et cheffe de ch\u0153ur, Maude a plus d&rsquo;une plume \u00e0 ses ailes pour faire sonner la musique classique dans toutes les oreilles. <\/h4>\n\n\n\n<h4 id=\"wp-block-themeisle-blocks-advanced-heading-624cbf11\" class=\"wp-block-themeisle-blocks-advanced-heading wp-block-themeisle-blocks-advanced-heading-624cbf11\">Gaie comme un pinson, elle rend la musique classique joyeuse et actuelle.<br>Bavarde comme une pie, elle occupe la sc\u00e8ne tout en vous y invitant.<br>A tire d&rsquo;aile, elle vole dans les plumes des conventions pour proposer la culture dans toutes les chaumi\u00e8res &#8211; y compris celles uniquement ravitaill\u00e9es par les corbeaux !<\/h4>\n\n\n\n<h4 id=\"wp-block-themeisle-blocks-advanced-heading-cad732dd\" class=\"wp-block-themeisle-blocks-advanced-heading wp-block-themeisle-blocks-advanced-heading-cad732dd\"><strong>Alors, venez d\u00e9couvrir le chouette univers enchant\u00e9 &#8211; et impertinent &#8211; de ce dr\u00f4le d&rsquo;oiseau.<\/strong><\/h4>\n\n\n\n<figure class=\"wp-block-image size-large\"><img loading=\"lazy\" decoding=\"async\" width=\"1024\" height=\"243\" src=\"https:\/\/maudegeorges.fr\/wp-content\/uploads\/2024\/06\/flight-path-on-transparent-d-1024x243.png\" alt=\"\" class=\"wp-image-48\" srcset=\"https:\/\/maudegeorges.fr\/wp-content\/uploads\/2024\/06\/flight-path-on-transparent-d-1024x243.png 1024w, https:\/\/maudegeorges.fr\/wp-content\/uploads\/2024\/06\/flight-path-on-transparent-d-300x71.png 300w, https:\/\/maudegeorges.fr\/wp-content\/uploads\/2024\/06\/flight-path-on-transparent-d-768x182.png 768w, https:\/\/maudegeorges.fr\/wp-content\/uploads\/2024\/06\/flight-path-on-transparent-d-1536x364.png 1536w, https:\/\/maudegeorges.fr\/wp-content\/uploads\/2024\/06\/flight-path-on-transparent-d.png 2000w\" sizes=\"auto, (max-width: 1024px) 100vw, 1024px\" \/><\/figure>\n<\/div>\n<\/div>\n","protected":false},"excerpt":{"rendered":"","protected":false},"author":1,"featured_media":0,"parent":0,"menu_order":0,"comment_status":"closed","ping_status":"open","template":"","meta":{"_EventAllDay":false,"_EventTimezone":"","_EventStartDate":"","_EventEndDate":"","_EventStartDateUTC":"","_EventEndDateUTC":"","_EventShowMap":false,"_EventShowMapLink":false,"_EventURL":"","_EventCost":"","_EventCostDescription":"","_EventCurrencySymbol":"","_EventCurrencyCode":"","_EventCurrencyPosition":"","_EventDateTimeSeparator":"","_EventTimeRangeSeparator":"","_EventOrganizerID":[],"_EventVenueID":[],"_OrganizerEmail":"","_OrganizerPhone":"","_OrganizerWebsite":"","_VenueAddress":"","_VenueCity":"","_VenueCountry":"","_VenueProvince":"","_VenueState":"","_VenueZip":"","_VenuePhone":"","_VenueURL":"","_VenueStateProvince":"","_VenueLat":"","_VenueLng":"","_VenueShowMap":false,"_VenueShowMapLink":false,"_themeisle_gutenberg_block_has_review":false,"footnotes":""},"class_list":["post-2","page","type-page","status-publish","hentry"],"yoast_head":"<!-- This site is optimized with the Yoast SEO plugin v22.8 - https:\/\/yoast.com\/wordpress\/plugins\/seo\/ -->\n<title>Accueil -<\/title>\n<meta name=\"robots\" content=\"index, follow, max-snippet:-1, max-image-preview:large, max-video-preview:-1\" \/>\n<link rel=\"canonical\" href=\"https:\/\/maudegeorges.fr\/\" \/>\n<meta property=\"og:locale\" content=\"fr_FR\" \/>\n<meta property=\"og:type\" content=\"article\" \/>\n<meta property=\"og:title\" content=\"Accueil -\" \/>\n<meta property=\"og:url\" content=\"https:\/\/maudegeorges.fr\/\" \/>\n<meta property=\"article:modified_time\" content=\"2024-07-09T11:28:11+00:00\" \/>\n<meta property=\"og:image\" content=\"https:\/\/maudegeorges.fr\/wp-content\/uploads\/2024\/06\/flight-path-on-transparent-d-edited.png\" \/>\n<meta name=\"twitter:card\" content=\"summary_large_image\" \/>\n<meta name=\"twitter:label1\" content=\"Dur\u00e9e de lecture estim\u00e9e\" \/>\n\t<meta name=\"twitter:data1\" content=\"2 minutes\" \/>\n<script type=\"application\/ld+json\" class=\"yoast-schema-graph\">{\"@context\":\"https:\/\/schema.org\",\"@graph\":[{\"@type\":\"WebPage\",\"@id\":\"https:\/\/maudegeorges.fr\/\",\"url\":\"https:\/\/maudegeorges.fr\/\",\"name\":\"Accueil -\",\"isPartOf\":{\"@id\":\"https:\/\/maudegeorges.fr\/#website\"},\"primaryImageOfPage\":{\"@id\":\"https:\/\/maudegeorges.fr\/#primaryimage\"},\"image\":{\"@id\":\"https:\/\/maudegeorges.fr\/#primaryimage\"},\"thumbnailUrl\":\"https:\/\/maudegeorges.fr\/wp-content\/uploads\/2024\/06\/flight-path-on-transparent-d-edited.png\",\"datePublished\":\"2024-06-07T13:51:32+00:00\",\"dateModified\":\"2024-07-09T11:28:11+00:00\",\"breadcrumb\":{\"@id\":\"https:\/\/maudegeorges.fr\/#breadcrumb\"},\"inLanguage\":\"fr-FR\",\"potentialAction\":[{\"@type\":\"ReadAction\",\"target\":[\"https:\/\/maudegeorges.fr\/\"]}]},{\"@type\":\"ImageObject\",\"inLanguage\":\"fr-FR\",\"@id\":\"https:\/\/maudegeorges.fr\/#primaryimage\",\"url\":\"https:\/\/maudegeorges.fr\/wp-content\/uploads\/2024\/06\/flight-path-on-transparent-d-edited.png\",\"contentUrl\":\"https:\/\/maudegeorges.fr\/wp-content\/uploads\/2024\/06\/flight-path-on-transparent-d-edited.png\",\"width\":1286,\"height\":305},{\"@type\":\"BreadcrumbList\",\"@id\":\"https:\/\/maudegeorges.fr\/#breadcrumb\",\"itemListElement\":[{\"@type\":\"ListItem\",\"position\":1,\"name\":\"Accueil\",\"item\":\"https:\/\/maudegeorges.fr\/\"},{\"@type\":\"ListItem\",\"position\":2,\"name\":\"Accueil\"}]},{\"@type\":\"WebSite\",\"@id\":\"https:\/\/maudegeorges.fr\/#website\",\"url\":\"https:\/\/maudegeorges.fr\/\",\"name\":\"maudegeorges.fr\",\"description\":\"Une artiste qui donne de la voix !\",\"publisher\":{\"@id\":\"https:\/\/maudegeorges.fr\/#\/schema\/person\/9e7b4955b8e8ef46805ec209582402bc\"},\"potentialAction\":[{\"@type\":\"SearchAction\",\"target\":{\"@type\":\"EntryPoint\",\"urlTemplate\":\"https:\/\/maudegeorges.fr\/?s={search_term_string}\"},\"query-input\":\"required name=search_term_string\"}],\"inLanguage\":\"fr-FR\"},{\"@type\":[\"Person\",\"Organization\"],\"@id\":\"https:\/\/maudegeorges.fr\/#\/schema\/person\/9e7b4955b8e8ef46805ec209582402bc\",\"name\":\"admin1903\",\"image\":{\"@type\":\"ImageObject\",\"inLanguage\":\"fr-FR\",\"@id\":\"https:\/\/maudegeorges.fr\/#\/schema\/person\/image\/\",\"url\":\"http:\/\/maudegeorges.fr\/wp-content\/uploads\/2024\/06\/1.png\",\"contentUrl\":\"http:\/\/maudegeorges.fr\/wp-content\/uploads\/2024\/06\/1.png\",\"width\":500,\"height\":500,\"caption\":\"admin1903\"},\"logo\":{\"@id\":\"https:\/\/maudegeorges.fr\/#\/schema\/person\/image\/\"},\"sameAs\":[\"http:\/\/maudegeorges.fr\"]}]}<\/script>\n<!-- \/ Yoast SEO plugin. -->","yoast_head_json":{"title":"Accueil -","robots":{"index":"index","follow":"follow","max-snippet":"max-snippet:-1","max-image-preview":"max-image-preview:large","max-video-preview":"max-video-preview:-1"},"canonical":"https:\/\/maudegeorges.fr\/","og_locale":"fr_FR","og_type":"article","og_title":"Accueil -","og_url":"https:\/\/maudegeorges.fr\/","article_modified_time":"2024-07-09T11:28:11+00:00","og_image":[{"url":"https:\/\/maudegeorges.fr\/wp-content\/uploads\/2024\/06\/flight-path-on-transparent-d-edited.png"}],"twitter_card":"summary_large_image","twitter_misc":{"Dur\u00e9e de lecture estim\u00e9e":"2 minutes"},"schema":{"@context":"https:\/\/schema.org","@graph":[{"@type":"WebPage","@id":"https:\/\/maudegeorges.fr\/","url":"https:\/\/maudegeorges.fr\/","name":"Accueil -","isPartOf":{"@id":"https:\/\/maudegeorges.fr\/#website"},"primaryImageOfPage":{"@id":"https:\/\/maudegeorges.fr\/#primaryimage"},"image":{"@id":"https:\/\/maudegeorges.fr\/#primaryimage"},"thumbnailUrl":"https:\/\/maudegeorges.fr\/wp-content\/uploads\/2024\/06\/flight-path-on-transparent-d-edited.png","datePublished":"2024-06-07T13:51:32+00:00","dateModified":"2024-07-09T11:28:11+00:00","breadcrumb":{"@id":"https:\/\/maudegeorges.fr\/#breadcrumb"},"inLanguage":"fr-FR","potentialAction":[{"@type":"ReadAction","target":["https:\/\/maudegeorges.fr\/"]}]},{"@type":"ImageObject","inLanguage":"fr-FR","@id":"https:\/\/maudegeorges.fr\/#primaryimage","url":"https:\/\/maudegeorges.fr\/wp-content\/uploads\/2024\/06\/flight-path-on-transparent-d-edited.png","contentUrl":"https:\/\/maudegeorges.fr\/wp-content\/uploads\/2024\/06\/flight-path-on-transparent-d-edited.png","width":1286,"height":305},{"@type":"BreadcrumbList","@id":"https:\/\/maudegeorges.fr\/#breadcrumb","itemListElement":[{"@type":"ListItem","position":1,"name":"Accueil","item":"https:\/\/maudegeorges.fr\/"},{"@type":"ListItem","position":2,"name":"Accueil"}]},{"@type":"WebSite","@id":"https:\/\/maudegeorges.fr\/#website","url":"https:\/\/maudegeorges.fr\/","name":"maudegeorges.fr","description":"Une artiste qui donne de la voix !","publisher":{"@id":"https:\/\/maudegeorges.fr\/#\/schema\/person\/9e7b4955b8e8ef46805ec209582402bc"},"potentialAction":[{"@type":"SearchAction","target":{"@type":"EntryPoint","urlTemplate":"https:\/\/maudegeorges.fr\/?s={search_term_string}"},"query-input":"required name=search_term_string"}],"inLanguage":"fr-FR"},{"@type":["Person","Organization"],"@id":"https:\/\/maudegeorges.fr\/#\/schema\/person\/9e7b4955b8e8ef46805ec209582402bc","name":"admin1903","image":{"@type":"ImageObject","inLanguage":"fr-FR","@id":"https:\/\/maudegeorges.fr\/#\/schema\/person\/image\/","url":"http:\/\/maudegeorges.fr\/wp-content\/uploads\/2024\/06\/1.png","contentUrl":"http:\/\/maudegeorges.fr\/wp-content\/uploads\/2024\/06\/1.png","width":500,"height":500,"caption":"admin1903"},"logo":{"@id":"https:\/\/maudegeorges.fr\/#\/schema\/person\/image\/"},"sameAs":["http:\/\/maudegeorges.fr"]}]}},"_links":{"self":[{"href":"https:\/\/maudegeorges.fr\/index.php\/wp-json\/wp\/v2\/pages\/2","targetHints":{"allow":["GET"]}}],"collection":[{"href":"https:\/\/maudegeorges.fr\/index.php\/wp-json\/wp\/v2\/pages"}],"about":[{"href":"https:\/\/maudegeorges.fr\/index.php\/wp-json\/wp\/v2\/types\/page"}],"author":[{"embeddable":true,"href":"https:\/\/maudegeorges.fr\/index.php\/wp-json\/wp\/v2\/users\/1"}],"replies":[{"embeddable":true,"href":"https:\/\/maudegeorges.fr\/index.php\/wp-json\/wp\/v2\/comments?post=2"}],"version-history":[{"count":30,"href":"https:\/\/maudegeorges.fr\/index.php\/wp-json\/wp\/v2\/pages\/2\/revisions"}],"predecessor-version":[{"id":182,"href":"https:\/\/maudegeorges.fr\/index.php\/wp-json\/wp\/v2\/pages\/2\/revisions\/182"}],"wp:attachment":[{"href":"https:\/\/maudegeorges.fr\/index.php\/wp-json\/wp\/v2\/media?parent=2"}],"curies":[{"name":"wp","href":"https:\/\/api.w.org\/{rel}","templated":true}]}}