{"id":170,"date":"2024-07-09T13:27:45","date_gmt":"2024-07-09T11:27:45","guid":{"rendered":"https:\/\/maudegeorges.fr\/?page_id=170"},"modified":"2024-07-09T13:27:46","modified_gmt":"2024-07-09T11:27:46","slug":"mediatrice","status":"publish","type":"page","link":"https:\/\/maudegeorges.fr\/index.php\/mediatrice\/","title":{"rendered":"M\u00e9diatrice"},"content":{"rendered":"\n<div id=\"wp-block-themeisle-blocks-advanced-columns-678cc482\" class=\"wp-block-themeisle-blocks-advanced-columns alignfull has-1-columns has-desktop-equal-layout has-tablet-equal-layout has-mobile-collapsedRows-layout has-reverse-columns-mobile has-vertical-bottom ticss-c00aadba\"><div class=\"wp-block-themeisle-blocks-advanced-columns-overlay\"><\/div><div class=\"innerblocks-wrap\">\n<div id=\"wp-block-themeisle-blocks-advanced-column-4d412c51\" class=\"wp-block-themeisle-blocks-advanced-column\">\n<h2 id=\"wp-block-themeisle-blocks-advanced-heading-fb3c7a39\" class=\"wp-block-themeisle-blocks-advanced-heading wp-block-themeisle-blocks-advanced-heading-fb3c7a39 has-light-bg\">Des spectacles pour tous les publics<\/h2>\n\n\n\n<p class=\"has-text-align-center has-text-color\" style=\"color:#fefefe\">En tant que chanteuse lyrique professionnelle, Maude a \u00e0 ch\u0153ur de faire vivre et partager une musique savante et exigeante sans qu&rsquo;elle ne soit jamais barbante ! Partageant les ambitions po\u00e9tiques et p\u00e9dagogiques de la <strong>Compagnie Ode M\u00e9lodique<\/strong>, elle travaille donc \u00e0 rendre accessible \u00e0 tous et toutes la musique qui la fait vibrer. <\/p>\n\n\n\n<p class=\"has-text-align-center has-text-color\" style=\"color:#fefefe\">Envie de d\u00e9couvrir les spectacles qu&rsquo;elle vous a concoct\u00e9 ?<\/p>\n\n\n\n<p class=\"has-text-align-center has-text-color\" style=\"color:#fefefe\"><strong>Envolez vous vers la Compagnie Ode M\u00e9lodique !<\/strong><\/p>\n\n\n\n<div class=\"wp-block-buttons is-content-justification-center is-layout-flex wp-container-core-buttons-is-layout-a89b3969 wp-block-buttons-is-layout-flex\">\n<div class=\"wp-block-button is-style-primary\"><a class=\"wp-block-button__link has-white-color has-secondary-background-color has-text-color has-background has-link-color wp-element-button\" href=\"https:\/\/odemelodique.fr\/index.php\/evenements\/liste\/?eventDisplay=all\" target=\"_blank\" rel=\"noreferrer noopener\">Spectacles de la Compagnie Ode M\u00e9lodique<\/a><\/div>\n<\/div>\n\n\n\n<div style=\"height:119px\" aria-hidden=\"true\" class=\"wp-block-spacer\"><\/div>\n\n\n\n<h2 id=\"wp-block-themeisle-blocks-advanced-heading-3ab7b8ae\" class=\"wp-block-themeisle-blocks-advanced-heading wp-block-themeisle-blocks-advanced-heading-3ab7b8ae has-dark-bg\">Des activit\u00e9s culturelles \u00e0 l&rsquo;ann\u00e9e<\/h2>\n\n\n\n<p class=\"has-text-align-center has-text-color\" style=\"color:#fefefe\">Persuad\u00e9e que l&rsquo;\u00e9ducation artistique et culturelle passe par des actions de fond ancr\u00e9es sur le territoire, Maude travaille avec les acteurs locaux pour proposer des cours et r\u00e9p\u00e9titions de chant \u00e0 l&rsquo;ann\u00e9e. <\/p>\n\n\n\n<p class=\"has-text-align-center has-text-color\" style=\"color:#fefefe\">Envie d&rsquo;en savoir plus ou de participer vous-m\u00eame ?<\/p>\n\n\n\n<p class=\"has-text-align-center has-text-color\" style=\"color:#fefefe\"><strong>Migrez vers la page Cheffe de Ch\u0153ur de Maude !<\/strong><\/p>\n\n\n\n<div class=\"wp-block-buttons is-content-justification-center is-layout-flex wp-container-core-buttons-is-layout-a89b3969 wp-block-buttons-is-layout-flex\">\n<div class=\"wp-block-button is-style-primary\"><a class=\"wp-block-button__link has-white-color has-text-color has-link-color wp-element-button\" href=\"https:\/\/maudegeorges.fr\/index.php\/cheffe-de-choeur\/\">Maude, cheffe de ch\u0153ur<\/a><\/div>\n<\/div>\n\n\n\n<div style=\"height:119px\" aria-hidden=\"true\" class=\"wp-block-spacer\"><\/div>\n\n\n\n<h2 id=\"wp-block-themeisle-blocks-advanced-heading-29c92393\" class=\"wp-block-themeisle-blocks-advanced-heading wp-block-themeisle-blocks-advanced-heading-29c92393 has-dark-bg\">Des stages ou des ateliers ponctuels<\/h2>\n\n\n\n<p class=\"has-text-align-center has-text-color\" style=\"color:#fefefe\">Vous n&rsquo;avez pas la disponibilit\u00e9 de vous engager dans une activit\u00e9 \u00e0 l&rsquo;ann\u00e9e ? Rien n&rsquo;est perdu ! Maude organise \u00e9galement \u00e0 l&rsquo;occasion de concerts ou de vacances scolaires des ateliers de m\u00e9diation ou des stages de cr\u00e9ation ouverts \u00e0 toutes et tous.<\/p>\n\n\n\n<p class=\"has-text-align-center has-text-color\" style=\"color:#fefefe\"><strong>Voltiger donc en compagnie d&rsquo;Ode M\u00e9lodique !<\/strong><\/p>\n\n\n\n<div class=\"wp-block-buttons is-content-justification-center is-layout-flex wp-container-core-buttons-is-layout-a89b3969 wp-block-buttons-is-layout-flex\">\n<div class=\"wp-block-button is-style-primary\"><a class=\"wp-block-button__link has-white-color has-foreground-background-color has-text-color has-background has-link-color wp-element-button\" href=\"https:\/\/odemelodique.fr\/index.php\/stages-ateliers\/\" target=\"_blank\" rel=\"noreferrer noopener\">Propositions de m\u00e9diations de la Cie Ode M\u00e9lodique<\/a><\/div>\n<\/div>\n\n\n\n<p class=\"has-text-align-center has-text-color\" style=\"color:#fefefe\">Vous aimeriez que vos enfants profitent \u00e9galement de ces propositions d&rsquo;activit\u00e9s incroyables ?<\/p>\n\n\n\n<p class=\"has-text-align-center has-text-color\" style=\"color:#fefefe\"><strong>Migrer donc vers le th\u00e9\u00e2tre des Mansardes !<\/strong><\/p>\n\n\n\n<div class=\"wp-block-buttons is-content-justification-center is-layout-flex wp-container-core-buttons-is-layout-a89b3969 wp-block-buttons-is-layout-flex\">\n<div class=\"wp-block-button is-style-primary\"><a class=\"wp-block-button__link has-white-color has-foreground-background-color has-text-color has-background has-link-color wp-element-button\" href=\"https:\/\/www.lesmansardes.fr\/stages-th%C3%A9%C3%A2tre-impro-%C3%A9loquence-artcr%C3%A9atif\" target=\"_blank\" rel=\"noreferrer noopener\">Propositions de stages des Mansardes<\/a><\/div>\n<\/div>\n<\/div>\n<\/div><\/div>\n","protected":false},"excerpt":{"rendered":"","protected":false},"author":1,"featured_media":0,"parent":0,"menu_order":0,"comment_status":"closed","ping_status":"closed","template":"","meta":{"_EventAllDay":false,"_EventTimezone":"","_EventStartDate":"","_EventEndDate":"","_EventStartDateUTC":"","_EventEndDateUTC":"","_EventShowMap":false,"_EventShowMapLink":false,"_EventURL":"","_EventCost":"","_EventCostDescription":"","_EventCurrencySymbol":"","_EventCurrencyCode":"","_EventCurrencyPosition":"","_EventDateTimeSeparator":"","_EventTimeRangeSeparator":"","_EventOrganizerID":[],"_EventVenueID":[],"_OrganizerEmail":"","_OrganizerPhone":"","_OrganizerWebsite":"","_VenueAddress":"","_VenueCity":"","_VenueCountry":"","_VenueProvince":"","_VenueState":"","_VenueZip":"","_VenuePhone":"","_VenueURL":"","_VenueStateProvince":"","_VenueLat":"","_VenueLng":"","_VenueShowMap":false,"_VenueShowMapLink":false,"_themeisle_gutenberg_block_has_review":false,"footnotes":""},"class_list":["post-170","page","type-page","status-publish","hentry"],"yoast_head":"<!-- This site is optimized with the Yoast SEO plugin v22.8 - https:\/\/yoast.com\/wordpress\/plugins\/seo\/ -->\n<title>M\u00e9diatrice -<\/title>\n<meta name=\"robots\" content=\"index, follow, max-snippet:-1, max-image-preview:large, max-video-preview:-1\" \/>\n<link rel=\"canonical\" href=\"https:\/\/maudegeorges.fr\/index.php\/mediatrice\/\" \/>\n<meta property=\"og:locale\" content=\"fr_FR\" \/>\n<meta property=\"og:type\" content=\"article\" \/>\n<meta property=\"og:title\" content=\"M\u00e9diatrice -\" \/>\n<meta property=\"og:url\" content=\"https:\/\/maudegeorges.fr\/index.php\/mediatrice\/\" \/>\n<meta property=\"article:modified_time\" content=\"2024-07-09T11:27:46+00:00\" \/>\n<meta name=\"twitter:card\" content=\"summary_large_image\" \/>\n<meta name=\"twitter:label1\" content=\"Dur\u00e9e de lecture estim\u00e9e\" \/>\n\t<meta name=\"twitter:data1\" content=\"2 minutes\" \/>\n<script type=\"application\/ld+json\" class=\"yoast-schema-graph\">{\"@context\":\"https:\/\/schema.org\",\"@graph\":[{\"@type\":\"WebPage\",\"@id\":\"https:\/\/maudegeorges.fr\/index.php\/mediatrice\/\",\"url\":\"https:\/\/maudegeorges.fr\/index.php\/mediatrice\/\",\"name\":\"M\u00e9diatrice -\",\"isPartOf\":{\"@id\":\"https:\/\/maudegeorges.fr\/#website\"},\"datePublished\":\"2024-07-09T11:27:45+00:00\",\"dateModified\":\"2024-07-09T11:27:46+00:00\",\"breadcrumb\":{\"@id\":\"https:\/\/maudegeorges.fr\/index.php\/mediatrice\/#breadcrumb\"},\"inLanguage\":\"fr-FR\",\"potentialAction\":[{\"@type\":\"ReadAction\",\"target\":[\"https:\/\/maudegeorges.fr\/index.php\/mediatrice\/\"]}]},{\"@type\":\"BreadcrumbList\",\"@id\":\"https:\/\/maudegeorges.fr\/index.php\/mediatrice\/#breadcrumb\",\"itemListElement\":[{\"@type\":\"ListItem\",\"position\":1,\"name\":\"Accueil\",\"item\":\"https:\/\/maudegeorges.fr\/\"},{\"@type\":\"ListItem\",\"position\":2,\"name\":\"M\u00e9diatrice\"}]},{\"@type\":\"WebSite\",\"@id\":\"https:\/\/maudegeorges.fr\/#website\",\"url\":\"https:\/\/maudegeorges.fr\/\",\"name\":\"maudegeorges.fr\",\"description\":\"Une artiste qui donne de la voix !\",\"publisher\":{\"@id\":\"https:\/\/maudegeorges.fr\/#\/schema\/person\/9e7b4955b8e8ef46805ec209582402bc\"},\"potentialAction\":[{\"@type\":\"SearchAction\",\"target\":{\"@type\":\"EntryPoint\",\"urlTemplate\":\"https:\/\/maudegeorges.fr\/?s={search_term_string}\"},\"query-input\":\"required name=search_term_string\"}],\"inLanguage\":\"fr-FR\"},{\"@type\":[\"Person\",\"Organization\"],\"@id\":\"https:\/\/maudegeorges.fr\/#\/schema\/person\/9e7b4955b8e8ef46805ec209582402bc\",\"name\":\"admin1903\",\"image\":{\"@type\":\"ImageObject\",\"inLanguage\":\"fr-FR\",\"@id\":\"https:\/\/maudegeorges.fr\/#\/schema\/person\/image\/\",\"url\":\"http:\/\/maudegeorges.fr\/wp-content\/uploads\/2024\/06\/1.png\",\"contentUrl\":\"http:\/\/maudegeorges.fr\/wp-content\/uploads\/2024\/06\/1.png\",\"width\":500,\"height\":500,\"caption\":\"admin1903\"},\"logo\":{\"@id\":\"https:\/\/maudegeorges.fr\/#\/schema\/person\/image\/\"},\"sameAs\":[\"http:\/\/maudegeorges.fr\"]}]}<\/script>\n<!-- \/ Yoast SEO plugin. -->","yoast_head_json":{"title":"M\u00e9diatrice -","robots":{"index":"index","follow":"follow","max-snippet":"max-snippet:-1","max-image-preview":"max-image-preview:large","max-video-preview":"max-video-preview:-1"},"canonical":"https:\/\/maudegeorges.fr\/index.php\/mediatrice\/","og_locale":"fr_FR","og_type":"article","og_title":"M\u00e9diatrice -","og_url":"https:\/\/maudegeorges.fr\/index.php\/mediatrice\/","article_modified_time":"2024-07-09T11:27:46+00:00","twitter_card":"summary_large_image","twitter_misc":{"Dur\u00e9e de lecture estim\u00e9e":"2 minutes"},"schema":{"@context":"https:\/\/schema.org","@graph":[{"@type":"WebPage","@id":"https:\/\/maudegeorges.fr\/index.php\/mediatrice\/","url":"https:\/\/maudegeorges.fr\/index.php\/mediatrice\/","name":"M\u00e9diatrice -","isPartOf":{"@id":"https:\/\/maudegeorges.fr\/#website"},"datePublished":"2024-07-09T11:27:45+00:00","dateModified":"2024-07-09T11:27:46+00:00","breadcrumb":{"@id":"https:\/\/maudegeorges.fr\/index.php\/mediatrice\/#breadcrumb"},"inLanguage":"fr-FR","potentialAction":[{"@type":"ReadAction","target":["https:\/\/maudegeorges.fr\/index.php\/mediatrice\/"]}]},{"@type":"BreadcrumbList","@id":"https:\/\/maudegeorges.fr\/index.php\/mediatrice\/#breadcrumb","itemListElement":[{"@type":"ListItem","position":1,"name":"Accueil","item":"https:\/\/maudegeorges.fr\/"},{"@type":"ListItem","position":2,"name":"M\u00e9diatrice"}]},{"@type":"WebSite","@id":"https:\/\/maudegeorges.fr\/#website","url":"https:\/\/maudegeorges.fr\/","name":"maudegeorges.fr","description":"Une artiste qui donne de la voix !","publisher":{"@id":"https:\/\/maudegeorges.fr\/#\/schema\/person\/9e7b4955b8e8ef46805ec209582402bc"},"potentialAction":[{"@type":"SearchAction","target":{"@type":"EntryPoint","urlTemplate":"https:\/\/maudegeorges.fr\/?s={search_term_string}"},"query-input":"required name=search_term_string"}],"inLanguage":"fr-FR"},{"@type":["Person","Organization"],"@id":"https:\/\/maudegeorges.fr\/#\/schema\/person\/9e7b4955b8e8ef46805ec209582402bc","name":"admin1903","image":{"@type":"ImageObject","inLanguage":"fr-FR","@id":"https:\/\/maudegeorges.fr\/#\/schema\/person\/image\/","url":"http:\/\/maudegeorges.fr\/wp-content\/uploads\/2024\/06\/1.png","contentUrl":"http:\/\/maudegeorges.fr\/wp-content\/uploads\/2024\/06\/1.png","width":500,"height":500,"caption":"admin1903"},"logo":{"@id":"https:\/\/maudegeorges.fr\/#\/schema\/person\/image\/"},"sameAs":["http:\/\/maudegeorges.fr"]}]}},"_links":{"self":[{"href":"https:\/\/maudegeorges.fr\/index.php\/wp-json\/wp\/v2\/pages\/170","targetHints":{"allow":["GET"]}}],"collection":[{"href":"https:\/\/maudegeorges.fr\/index.php\/wp-json\/wp\/v2\/pages"}],"about":[{"href":"https:\/\/maudegeorges.fr\/index.php\/wp-json\/wp\/v2\/types\/page"}],"author":[{"embeddable":true,"href":"https:\/\/maudegeorges.fr\/index.php\/wp-json\/wp\/v2\/users\/1"}],"replies":[{"embeddable":true,"href":"https:\/\/maudegeorges.fr\/index.php\/wp-json\/wp\/v2\/comments?post=170"}],"version-history":[{"count":1,"href":"https:\/\/maudegeorges.fr\/index.php\/wp-json\/wp\/v2\/pages\/170\/revisions"}],"predecessor-version":[{"id":181,"href":"https:\/\/maudegeorges.fr\/index.php\/wp-json\/wp\/v2\/pages\/170\/revisions\/181"}],"wp:attachment":[{"href":"https:\/\/maudegeorges.fr\/index.php\/wp-json\/wp\/v2\/media?parent=170"}],"curies":[{"name":"wp","href":"https:\/\/api.w.org\/{rel}","templated":true}]}}