{"id":168,"date":"2024-07-09T12:53:18","date_gmt":"2024-07-09T10:53:18","guid":{"rendered":"https:\/\/maudegeorges.fr\/?page_id=168"},"modified":"2025-01-24T15:46:12","modified_gmt":"2025-01-24T14:46:12","slug":"cheffe-de-choeur","status":"publish","type":"page","link":"https:\/\/maudegeorges.fr\/index.php\/cheffe-de-choeur\/","title":{"rendered":"Cheffe de ch\u0153ur"},"content":{"rendered":"\n<div id=\"wp-block-themeisle-blocks-advanced-columns-678cc482\" class=\"wp-block-themeisle-blocks-advanced-columns alignfull has-1-columns has-desktop-equal-layout has-tablet-equal-layout has-mobile-collapsedRows-layout has-reverse-columns-mobile has-vertical-bottom ticss-c00aadba\"><div class=\"wp-block-themeisle-blocks-advanced-columns-overlay\"><\/div><div class=\"innerblocks-wrap\">\n<div id=\"wp-block-themeisle-blocks-advanced-column-4d412c51\" class=\"wp-block-themeisle-blocks-advanced-column\">\n<h2 id=\"wp-block-themeisle-blocks-advanced-heading-fb3c7a39\" class=\"wp-block-themeisle-blocks-advanced-heading wp-block-themeisle-blocks-advanced-heading-fb3c7a39 has-light-bg\">Chanter \u00e0 Lyon et sa r\u00e9gion (69)<\/h2>\n\n\n\n<p class=\"has-text-align-center has-text-color\" style=\"color:#fefefe\">Avez-vous d\u00e9j\u00e0 entendu parler de Lav\u00e9li, cette combinaison unique de projets artistiques professionnels et de pratiques amateurs \u2013 le tout port\u00e9 par une organisation participative et d\u00e9mocratique ? <\/p>\n\n\n\n<p class=\"has-text-align-center has-text-color\" style=\"color:#fefefe\">Et le ch\u0153ur des Phonies Polies, \u00e7a vous dit quelque chose ? Vous souhaitez d\u00e9couvrir ou rejoindre ces quarante choristes \u00e2g\u00e9\u00b7es de 20 \u00e0 40 ans qui part \u00e0 la rencontre des publics \u00e9loign\u00e9s et emp\u00each\u00e9s pour partager joie et musique classique a capella ? <\/p>\n\n\n\n<p class=\"has-text-align-center has-text-color\" style=\"color:#fefefe\"><strong>Envolez vous vers l&rsquo;association La Voix Est Libre (Lav\u00e9li) !<\/strong><\/p>\n\n\n\n<div class=\"wp-block-buttons is-content-justification-center is-layout-flex wp-container-core-buttons-is-layout-a89b3969 wp-block-buttons-is-layout-flex\">\n<div class=\"wp-block-button is-style-primary\"><a class=\"wp-block-button__link has-white-color has-secondary-background-color has-text-color has-background has-link-color wp-element-button\" href=\"https:\/\/www.laveli.fr\/nos-projets\/phonies-polies\/\" target=\"_blank\" rel=\"noreferrer noopener\">Page des Phonies Polies (Lav\u00e9li)<\/a><\/div>\n<\/div>\n\n\n\n<div style=\"height:119px\" aria-hidden=\"true\" class=\"wp-block-spacer\"><\/div>\n\n\n\n<h2 id=\"wp-block-themeisle-blocks-advanced-heading-3ab7b8ae\" class=\"wp-block-themeisle-blocks-advanced-heading wp-block-themeisle-blocks-advanced-heading-3ab7b8ae has-dark-bg\">Chanter \u00e0 Saint-Symphorien-de-Lay (42)<\/h2>\n\n\n\n<p class=\"has-text-align-center has-text-color\" style=\"color:#fefefe\">Saint-Symphorien-de-Lay est un village qui vous r\u00e9serve gr\u00e2ce \u00e0 Maude bien des surprises ! <\/p>\n\n\n\n<p class=\"has-text-align-center has-text-color\" style=\"color:#fefefe\">Vous \u00eates tent\u00e9\u00b7es par des r\u00e9p\u00e9titions durant des weekend de l&rsquo;ann\u00e9e scolaire pour un projet atypique autour d&rsquo;un r\u00e9pertoire \u00e0 th\u00e8me ? <strong>Migrez vers le ch\u0153ur Iels En Voix de l&rsquo;association Lav\u00e9li !<\/strong><\/p>\n\n\n\n<div class=\"wp-block-buttons is-content-justification-center is-layout-flex wp-container-core-buttons-is-layout-a89b3969 wp-block-buttons-is-layout-flex\">\n<div class=\"wp-block-button is-style-primary\"><a class=\"wp-block-button__link has-white-color has-text-color has-link-color wp-element-button\" href=\"https:\/\/www.laveli.fr\/nos-projets\/iels-en-voix\/\" target=\"_blank\" rel=\"noreferrer noopener\">Page du ch\u0153ur Iels En Voix (Lav\u00e9li)<\/a><\/div>\n<\/div>\n\n\n\n<p class=\"has-text-align-center has-text-color\" style=\"color:#fefefe\">Vous pr\u00e9f\u00e9rez chanter en condens\u00e9 pendant les vacances, par exemple au sein d&rsquo;une semaine d\u00e9di\u00e9e au chant choral ? <strong>Migrez vers les stages de la Semaine Allez&rsquo;Chante de l&rsquo;association Lav\u00e9li !<\/strong><\/p>\n\n\n\n<div class=\"wp-block-buttons is-content-justification-center is-layout-flex wp-container-core-buttons-is-layout-a89b3969 wp-block-buttons-is-layout-flex\">\n<div class=\"wp-block-button is-style-primary\"><a class=\"wp-block-button__link has-white-color has-text-color has-link-color wp-element-button\" href=\"https:\/\/www.laveli.fr\/nos-projets\/stages\/\" target=\"_blank\" rel=\"noreferrer noopener\">Page de la Semaine Allez&rsquo;Chante (Lav\u00e9li)<\/a><\/div>\n<\/div>\n\n\n\n<div style=\"height:119px\" aria-hidden=\"true\" class=\"wp-block-spacer\"><\/div>\n\n\n\n<h2 id=\"wp-block-themeisle-blocks-advanced-heading-29c92393\" class=\"wp-block-themeisle-blocks-advanced-heading wp-block-themeisle-blocks-advanced-heading-29c92393 has-dark-bg\">Chanter \u00e0 Curis (69&#8230; et 42, \u00e0 tir d&rsquo;ailes)<\/h2>\n\n\n\n<p class=\"has-text-align-center has-text-color\" style=\"color:#fefefe\">Comme les oiseaux, vous migrez au gr\u00e9 des saisons ? A que cela ne tienne, Maude aussi ! <\/p>\n\n\n\n<p class=\"has-text-align-center has-text-color\" style=\"color:#fefefe\">Alors, si votre c(h)\u0153ur balance entre Curis et Saint-Symphorien-de-Lay, <strong>migrez donc en compagnie des choristes de Thou Ch\u0153ur !<\/strong><\/p>\n\n\n\n<div class=\"wp-block-buttons is-content-justification-center is-layout-flex wp-container-core-buttons-is-layout-a89b3969 wp-block-buttons-is-layout-flex\">\n<div class=\"wp-block-button is-style-primary\"><a class=\"wp-block-button__link has-white-color has-foreground-background-color has-text-color has-background has-link-color wp-element-button\" href=\"http:\/\/de-thou-choeur.fr\/\" target=\"_blank\" rel=\"noreferrer noopener\">Site de Thou Ch\u0153ur<\/a><\/div>\n<\/div>\n<\/div>\n<\/div><\/div>\n","protected":false},"excerpt":{"rendered":"","protected":false},"author":1,"featured_media":0,"parent":0,"menu_order":0,"comment_status":"closed","ping_status":"closed","template":"","meta":{"_EventAllDay":false,"_EventTimezone":"","_EventStartDate":"","_EventEndDate":"","_EventStartDateUTC":"","_EventEndDateUTC":"","_EventShowMap":false,"_EventShowMapLink":false,"_EventURL":"","_EventCost":"","_EventCostDescription":"","_EventCurrencySymbol":"","_EventCurrencyCode":"","_EventCurrencyPosition":"","_EventDateTimeSeparator":"","_EventTimeRangeSeparator":"","_EventOrganizerID":[],"_EventVenueID":[],"_OrganizerEmail":"","_OrganizerPhone":"","_OrganizerWebsite":"","_VenueAddress":"","_VenueCity":"","_VenueCountry":"","_VenueProvince":"","_VenueState":"","_VenueZip":"","_VenuePhone":"","_VenueURL":"","_VenueStateProvince":"","_VenueLat":"","_VenueLng":"","_VenueShowMap":false,"_VenueShowMapLink":false,"_themeisle_gutenberg_block_has_review":false,"footnotes":""},"class_list":["post-168","page","type-page","status-publish","hentry"],"yoast_head":"<!-- This site is optimized with the Yoast SEO plugin v22.8 - https:\/\/yoast.com\/wordpress\/plugins\/seo\/ -->\n<title>Cheffe de ch\u0153ur -<\/title>\n<meta name=\"robots\" content=\"index, follow, max-snippet:-1, max-image-preview:large, max-video-preview:-1\" \/>\n<link rel=\"canonical\" href=\"https:\/\/maudegeorges.fr\/index.php\/cheffe-de-choeur\/\" \/>\n<meta property=\"og:locale\" content=\"fr_FR\" \/>\n<meta property=\"og:type\" content=\"article\" \/>\n<meta property=\"og:title\" content=\"Cheffe de ch\u0153ur -\" \/>\n<meta property=\"og:url\" content=\"https:\/\/maudegeorges.fr\/index.php\/cheffe-de-choeur\/\" \/>\n<meta property=\"article:modified_time\" content=\"2025-01-24T14:46:12+00:00\" \/>\n<meta name=\"twitter:card\" content=\"summary_large_image\" \/>\n<meta name=\"twitter:label1\" content=\"Dur\u00e9e de lecture estim\u00e9e\" \/>\n\t<meta name=\"twitter:data1\" content=\"2 minutes\" \/>\n<script type=\"application\/ld+json\" class=\"yoast-schema-graph\">{\"@context\":\"https:\/\/schema.org\",\"@graph\":[{\"@type\":\"WebPage\",\"@id\":\"https:\/\/maudegeorges.fr\/index.php\/cheffe-de-choeur\/\",\"url\":\"https:\/\/maudegeorges.fr\/index.php\/cheffe-de-choeur\/\",\"name\":\"Cheffe de ch\u0153ur -\",\"isPartOf\":{\"@id\":\"https:\/\/maudegeorges.fr\/#website\"},\"datePublished\":\"2024-07-09T10:53:18+00:00\",\"dateModified\":\"2025-01-24T14:46:12+00:00\",\"breadcrumb\":{\"@id\":\"https:\/\/maudegeorges.fr\/index.php\/cheffe-de-choeur\/#breadcrumb\"},\"inLanguage\":\"fr-FR\",\"potentialAction\":[{\"@type\":\"ReadAction\",\"target\":[\"https:\/\/maudegeorges.fr\/index.php\/cheffe-de-choeur\/\"]}]},{\"@type\":\"BreadcrumbList\",\"@id\":\"https:\/\/maudegeorges.fr\/index.php\/cheffe-de-choeur\/#breadcrumb\",\"itemListElement\":[{\"@type\":\"ListItem\",\"position\":1,\"name\":\"Accueil\",\"item\":\"https:\/\/maudegeorges.fr\/\"},{\"@type\":\"ListItem\",\"position\":2,\"name\":\"Cheffe de ch\u0153ur\"}]},{\"@type\":\"WebSite\",\"@id\":\"https:\/\/maudegeorges.fr\/#website\",\"url\":\"https:\/\/maudegeorges.fr\/\",\"name\":\"maudegeorges.fr\",\"description\":\"Une artiste qui donne de la voix !\",\"publisher\":{\"@id\":\"https:\/\/maudegeorges.fr\/#\/schema\/person\/9e7b4955b8e8ef46805ec209582402bc\"},\"potentialAction\":[{\"@type\":\"SearchAction\",\"target\":{\"@type\":\"EntryPoint\",\"urlTemplate\":\"https:\/\/maudegeorges.fr\/?s={search_term_string}\"},\"query-input\":\"required name=search_term_string\"}],\"inLanguage\":\"fr-FR\"},{\"@type\":[\"Person\",\"Organization\"],\"@id\":\"https:\/\/maudegeorges.fr\/#\/schema\/person\/9e7b4955b8e8ef46805ec209582402bc\",\"name\":\"admin1903\",\"image\":{\"@type\":\"ImageObject\",\"inLanguage\":\"fr-FR\",\"@id\":\"https:\/\/maudegeorges.fr\/#\/schema\/person\/image\/\",\"url\":\"http:\/\/maudegeorges.fr\/wp-content\/uploads\/2024\/06\/1.png\",\"contentUrl\":\"http:\/\/maudegeorges.fr\/wp-content\/uploads\/2024\/06\/1.png\",\"width\":500,\"height\":500,\"caption\":\"admin1903\"},\"logo\":{\"@id\":\"https:\/\/maudegeorges.fr\/#\/schema\/person\/image\/\"},\"sameAs\":[\"http:\/\/maudegeorges.fr\"]}]}<\/script>\n<!-- \/ Yoast SEO plugin. -->","yoast_head_json":{"title":"Cheffe de ch\u0153ur -","robots":{"index":"index","follow":"follow","max-snippet":"max-snippet:-1","max-image-preview":"max-image-preview:large","max-video-preview":"max-video-preview:-1"},"canonical":"https:\/\/maudegeorges.fr\/index.php\/cheffe-de-choeur\/","og_locale":"fr_FR","og_type":"article","og_title":"Cheffe de ch\u0153ur -","og_url":"https:\/\/maudegeorges.fr\/index.php\/cheffe-de-choeur\/","article_modified_time":"2025-01-24T14:46:12+00:00","twitter_card":"summary_large_image","twitter_misc":{"Dur\u00e9e de lecture estim\u00e9e":"2 minutes"},"schema":{"@context":"https:\/\/schema.org","@graph":[{"@type":"WebPage","@id":"https:\/\/maudegeorges.fr\/index.php\/cheffe-de-choeur\/","url":"https:\/\/maudegeorges.fr\/index.php\/cheffe-de-choeur\/","name":"Cheffe de ch\u0153ur -","isPartOf":{"@id":"https:\/\/maudegeorges.fr\/#website"},"datePublished":"2024-07-09T10:53:18+00:00","dateModified":"2025-01-24T14:46:12+00:00","breadcrumb":{"@id":"https:\/\/maudegeorges.fr\/index.php\/cheffe-de-choeur\/#breadcrumb"},"inLanguage":"fr-FR","potentialAction":[{"@type":"ReadAction","target":["https:\/\/maudegeorges.fr\/index.php\/cheffe-de-choeur\/"]}]},{"@type":"BreadcrumbList","@id":"https:\/\/maudegeorges.fr\/index.php\/cheffe-de-choeur\/#breadcrumb","itemListElement":[{"@type":"ListItem","position":1,"name":"Accueil","item":"https:\/\/maudegeorges.fr\/"},{"@type":"ListItem","position":2,"name":"Cheffe de ch\u0153ur"}]},{"@type":"WebSite","@id":"https:\/\/maudegeorges.fr\/#website","url":"https:\/\/maudegeorges.fr\/","name":"maudegeorges.fr","description":"Une artiste qui donne de la voix !","publisher":{"@id":"https:\/\/maudegeorges.fr\/#\/schema\/person\/9e7b4955b8e8ef46805ec209582402bc"},"potentialAction":[{"@type":"SearchAction","target":{"@type":"EntryPoint","urlTemplate":"https:\/\/maudegeorges.fr\/?s={search_term_string}"},"query-input":"required name=search_term_string"}],"inLanguage":"fr-FR"},{"@type":["Person","Organization"],"@id":"https:\/\/maudegeorges.fr\/#\/schema\/person\/9e7b4955b8e8ef46805ec209582402bc","name":"admin1903","image":{"@type":"ImageObject","inLanguage":"fr-FR","@id":"https:\/\/maudegeorges.fr\/#\/schema\/person\/image\/","url":"http:\/\/maudegeorges.fr\/wp-content\/uploads\/2024\/06\/1.png","contentUrl":"http:\/\/maudegeorges.fr\/wp-content\/uploads\/2024\/06\/1.png","width":500,"height":500,"caption":"admin1903"},"logo":{"@id":"https:\/\/maudegeorges.fr\/#\/schema\/person\/image\/"},"sameAs":["http:\/\/maudegeorges.fr"]}]}},"_links":{"self":[{"href":"https:\/\/maudegeorges.fr\/index.php\/wp-json\/wp\/v2\/pages\/168","targetHints":{"allow":["GET"]}}],"collection":[{"href":"https:\/\/maudegeorges.fr\/index.php\/wp-json\/wp\/v2\/pages"}],"about":[{"href":"https:\/\/maudegeorges.fr\/index.php\/wp-json\/wp\/v2\/types\/page"}],"author":[{"embeddable":true,"href":"https:\/\/maudegeorges.fr\/index.php\/wp-json\/wp\/v2\/users\/1"}],"replies":[{"embeddable":true,"href":"https:\/\/maudegeorges.fr\/index.php\/wp-json\/wp\/v2\/comments?post=168"}],"version-history":[{"count":6,"href":"https:\/\/maudegeorges.fr\/index.php\/wp-json\/wp\/v2\/pages\/168\/revisions"}],"predecessor-version":[{"id":382,"href":"https:\/\/maudegeorges.fr\/index.php\/wp-json\/wp\/v2\/pages\/168\/revisions\/382"}],"wp:attachment":[{"href":"https:\/\/maudegeorges.fr\/index.php\/wp-json\/wp\/v2\/media?parent=168"}],"curies":[{"name":"wp","href":"https:\/\/api.w.org\/{rel}","templated":true}]}}